{"id":567,"date":"2016-03-01T15:29:08","date_gmt":"2016-03-01T15:29:08","guid":{"rendered":"http:\/\/www.anarieldesign.com\/themedemos\/pena\/?page_id=567"},"modified":"2021-05-10T01:14:24","modified_gmt":"2021-05-10T01:14:24","slug":"izada-de-bandera","status":"publish","type":"page","link":"https:\/\/summerhillschool.edu.co\/index.php\/izada-de-bandera\/","title":{"rendered":"Izada de Bandera"},"content":{"rendered":"<p style=\"text-align: justify;\"><span style=\"font-family: 'Trebuchet MS', Geneva;\">A m\u00e1s del tributo que se rinde al tricolor patrio, es una oportunidad para reconocer a los ni\u00f1os, ni\u00f1as y j\u00f3venes que se han destacado durante el bimestre y mostrar el talento de diferentes estudiantes que all\u00ed se presentan.<\/span><\/p>\n","protected":false},"excerpt":{"rendered":"<p>A m\u00e1s del tributo que se rinde al tricolor patrio, es una oportunidad para reconocer a los ni\u00f1os, ni\u00f1as y j\u00f3venes que se han destacado durante el bimestre y mostrar el talento de diferentes estudiantes que all\u00ed se presentan.<\/p>\n","protected":false},"author":5,"featured_media":0,"parent":0,"menu_order":0,"comment_status":"closed","ping_status":"closed","template":"","meta":{"footnotes":""},"class_list":["post-567","page","type-page","status-publish","hentry"],"_links":{"self":[{"href":"https:\/\/summerhillschool.edu.co\/index.php\/wp-json\/wp\/v2\/pages\/567","targetHints":{"allow":["GET"]}}],"collection":[{"href":"https:\/\/summerhillschool.edu.co\/index.php\/wp-json\/wp\/v2\/pages"}],"about":[{"href":"https:\/\/summerhillschool.edu.co\/index.php\/wp-json\/wp\/v2\/types\/page"}],"author":[{"embeddable":true,"href":"https:\/\/summerhillschool.edu.co\/index.php\/wp-json\/wp\/v2\/users\/5"}],"replies":[{"embeddable":true,"href":"https:\/\/summerhillschool.edu.co\/index.php\/wp-json\/wp\/v2\/comments?post=567"}],"version-history":[{"count":0,"href":"https:\/\/summerhillschool.edu.co\/index.php\/wp-json\/wp\/v2\/pages\/567\/revisions"}],"wp:attachment":[{"href":"https:\/\/summerhillschool.edu.co\/index.php\/wp-json\/wp\/v2\/media?parent=567"}],"curies":[{"name":"wp","href":"https:\/\/api.w.org\/{rel}","templated":true}]}}