{"id":473,"date":"2016-02-26T11:09:52","date_gmt":"2016-02-26T11:09:52","guid":{"rendered":"http:\/\/www.anarieldesign.com\/themedemos\/pena\/?page_id=473"},"modified":"2024-08-05T14:52:55","modified_gmt":"2024-08-05T19:52:55","slug":"horizonte-institucional","status":"publish","type":"page","link":"https:\/\/summerhillschool.edu.co\/index.php\/horizonte-institucional\/","title":{"rendered":"Horizonte Institucional"},"content":{"rendered":"\t\t<div data-elementor-type=\"wp-page\" data-elementor-id=\"473\" class=\"elementor elementor-473\" data-elementor-post-type=\"page\">\n\t\t\t\t\t\t<section class=\"elementor-section elementor-top-section elementor-element elementor-element-7df7f3f elementor-section-boxed elementor-section-height-default elementor-section-height-default\" data-id=\"7df7f3f\" data-element_type=\"section\" data-e-type=\"section\">\n\t\t\t\t\t\t<div class=\"elementor-container elementor-column-gap-default\">\n\t\t\t\t\t<div class=\"elementor-column elementor-col-100 elementor-top-column elementor-element elementor-element-5e661ae\" data-id=\"5e661ae\" data-element_type=\"column\" data-e-type=\"column\">\n\t\t\t<div class=\"elementor-widget-wrap elementor-element-populated\">\n\t\t\t\t\t\t<div class=\"elementor-element elementor-element-f567329 elementor-widget elementor-widget-spacer\" data-id=\"f567329\" data-element_type=\"widget\" data-e-type=\"widget\" data-widget_type=\"spacer.default\">\n\t\t\t\t<div class=\"elementor-widget-container\">\n\t\t\t\t\t\t\t<div class=\"elementor-spacer\">\n\t\t\t<div class=\"elementor-spacer-inner\"><\/div>\n\t\t<\/div>\n\t\t\t\t\t\t<\/div>\n\t\t\t\t<\/div>\n\t\t\t\t\t<\/div>\n\t\t<\/div>\n\t\t\t\t\t<\/div>\n\t\t<\/section>\n\t\t\t\t<section class=\"elementor-section elementor-top-section elementor-element elementor-element-75aeadda elementor-section-boxed elementor-section-height-default elementor-section-height-default\" data-id=\"75aeadda\" data-element_type=\"section\" data-e-type=\"section\">\n\t\t\t\t\t\t<div class=\"elementor-container elementor-column-gap-default\">\n\t\t\t\t\t<div class=\"elementor-column elementor-col-100 elementor-top-column elementor-element elementor-element-539c22b3\" data-id=\"539c22b3\" data-element_type=\"column\" data-e-type=\"column\">\n\t\t\t<div class=\"elementor-widget-wrap elementor-element-populated\">\n\t\t\t\t\t\t<div class=\"elementor-element elementor-element-5e35ba6 elementor-headline--style-highlight elementor-widget elementor-widget-animated-headline\" data-id=\"5e35ba6\" data-element_type=\"widget\" data-e-type=\"widget\" data-settings=\"{&quot;highlighted_text&quot;:&quot;institucional&quot;,&quot;headline_style&quot;:&quot;highlight&quot;,&quot;marker&quot;:&quot;circle&quot;,&quot;loop&quot;:&quot;yes&quot;,&quot;highlight_animation_duration&quot;:1200,&quot;highlight_iteration_delay&quot;:8000}\" data-widget_type=\"animated-headline.default\">\n\t\t\t\t<div class=\"elementor-widget-container\">\n\t\t\t\t\t\t\t<h3 class=\"elementor-headline\">\n\t\t\t\t\t<span class=\"elementor-headline-plain-text elementor-headline-text-wrapper\">horizonte<\/span>\n\t\t\t\t<span class=\"elementor-headline-dynamic-wrapper elementor-headline-text-wrapper\">\n\t\t\t\t\t<span class=\"elementor-headline-dynamic-text elementor-headline-text-active\">institucional<\/span>\n\t\t\t\t<\/span>\n\t\t\t\t<\/h3>\n\t\t\t\t\t\t<\/div>\n\t\t\t\t<\/div>\n\t\t\t\t<div class=\"elementor-element elementor-element-6d89583 elementor-widget elementor-widget-heading\" data-id=\"6d89583\" data-element_type=\"widget\" data-e-type=\"widget\" data-widget_type=\"heading.default\">\n\t\t\t\t<div class=\"elementor-widget-container\">\n\t\t\t\t\t<h2 class=\"elementor-heading-title elementor-size-default\">DIRECCIONAMIENTO ESTRAT\u00c9GICO ACAD\u00c9MICO<\/h2>\t\t\t\t<\/div>\n\t\t\t\t<\/div>\n\t\t\t\t<div class=\"elementor-element elementor-element-7021593 elementor-widget elementor-widget-image\" data-id=\"7021593\" data-element_type=\"widget\" data-e-type=\"widget\" data-widget_type=\"image.default\">\n\t\t\t\t<div class=\"elementor-widget-container\">\n\t\t\t\t\t\t\t\t\t\t\t\t\t\t\t\t<a href=\"https:\/\/summerhillschool.edu.co\/wp-content\/uploads\/2021\/06\/horizonte-institucional.png\" data-elementor-open-lightbox=\"yes\" data-e-action-hash=\"#elementor-action%3Aaction%3Dlightbox%26settings%3DeyJpZCI6Mzk3MiwidXJsIjoiaHR0cHM6XC9cL3N1bW1lcmhpbGxzY2hvb2wuZWR1LmNvXC93cC1jb250ZW50XC91cGxvYWRzXC8yMDIxXC8wNlwvaG9yaXpvbnRlLWluc3RpdHVjaW9uYWwucG5nIn0%3D\">\n\t\t\t\t\t\t\t<img fetchpriority=\"high\" decoding=\"async\" width=\"797\" height=\"538\" src=\"https:\/\/summerhillschool.edu.co\/wp-content\/uploads\/2021\/06\/horizonte-institucional.png\" class=\"attachment-large size-large wp-image-3972\" alt=\"\" srcset=\"https:\/\/summerhillschool.edu.co\/wp-content\/uploads\/2021\/06\/horizonte-institucional.png 797w, https:\/\/summerhillschool.edu.co\/wp-content\/uploads\/2021\/06\/horizonte-institucional-300x203.png 300w, https:\/\/summerhillschool.edu.co\/wp-content\/uploads\/2021\/06\/horizonte-institucional-768x518.png 768w, https:\/\/summerhillschool.edu.co\/wp-content\/uploads\/2021\/06\/horizonte-institucional-430x290.png 430w, https:\/\/summerhillschool.edu.co\/wp-content\/uploads\/2021\/06\/horizonte-institucional-624x421.png 624w, https:\/\/summerhillschool.edu.co\/wp-content\/uploads\/2021\/06\/horizonte-institucional-405x273.png 405w, https:\/\/summerhillschool.edu.co\/wp-content\/uploads\/2021\/06\/horizonte-institucional-600x405.png 600w\" sizes=\"(max-width: 797px) 100vw, 797px\" \/>\t\t\t\t\t\t\t\t<\/a>\n\t\t\t\t\t\t\t\t\t\t\t\t\t\t\t<\/div>\n\t\t\t\t<\/div>\n\t\t\t\t<div class=\"elementor-element elementor-element-6f491299 elementor-widget elementor-widget-text-editor\" data-id=\"6f491299\" data-element_type=\"widget\" data-e-type=\"widget\" data-widget_type=\"text-editor.default\">\n\t\t\t\t<div class=\"elementor-widget-container\">\n\t\t\t\t\t\t\t\t\t<h2 style=\"text-align: center;\">\u00a0<\/h2><p><span style=\"color: #000000; font-family: Verdana, Geneva; text-align: justify; font-weight: var( --e-global-typography-text-font-weight ); font-size: 1rem;\">El proyecto pretende ser una respuesta eficaz a las familias que desean para sus hijos e hijas una educaci\u00f3n de calidad, que promueva el desarrollo de sus talentos, prepare a las ni\u00f1as y a los j\u00f3venes para un mundo globalizado con el manejo de tres lenguas, brind\u00e1ndole ambientes de aprendizaje sanos, rodeados de amor, calidez y felicidad.<\/span><\/p><p style=\"text-align: justify;\"><span style=\"font-family: Verdana, Geneva; color: #000000;\">Llevamos el nombre de SUMMERHILL en honor a la escuela moderna Summerhill fundada en 1921, situada en la aldea de Leinston Inglaterra, cerca a Londres. Para esta escuela el ni\u00f1o es un ser bueno, que posee la virtud de amar la vida e interesarse por ella. Como SUMMERHILL, nuestro PEI incentiva al ni\u00f1o a trabajar con alegr\u00eda y hallar la felicidad en lo que hace.<\/span><\/p><p style=\"text-align: justify;\"><span style=\"font-family: Verdana, Geneva; color: #000000;\">Desde su fundaci\u00f3n y durante el desarrollo del proyecto, el Colegio ha venido trabajando para lograr que su proyecto y las expectativas de los padres de familia sean una realidad hoy y siempre.<\/span><\/p>\t\t\t\t\t\t\t\t<\/div>\n\t\t\t\t<\/div>\n\t\t\t\t\t<\/div>\n\t\t<\/div>\n\t\t\t\t\t<\/div>\n\t\t<\/section>\n\t\t\t\t<section class=\"elementor-section elementor-top-section elementor-element elementor-element-f1cec67 elementor-section-boxed elementor-section-height-default elementor-section-height-default\" data-id=\"f1cec67\" data-element_type=\"section\" data-e-type=\"section\">\n\t\t\t\t\t\t<div class=\"elementor-container elementor-column-gap-default\">\n\t\t\t\t\t<div class=\"elementor-column elementor-col-100 elementor-top-column elementor-element elementor-element-0d26a72\" data-id=\"0d26a72\" data-element_type=\"column\" data-e-type=\"column\">\n\t\t\t<div class=\"elementor-widget-wrap elementor-element-populated\">\n\t\t\t\t\t\t<div class=\"elementor-element elementor-element-107c6a5 elementor-widget elementor-widget-spacer\" data-id=\"107c6a5\" data-element_type=\"widget\" data-e-type=\"widget\" data-widget_type=\"spacer.default\">\n\t\t\t\t<div class=\"elementor-widget-container\">\n\t\t\t\t\t\t\t<div class=\"elementor-spacer\">\n\t\t\t<div class=\"elementor-spacer-inner\"><\/div>\n\t\t<\/div>\n\t\t\t\t\t\t<\/div>\n\t\t\t\t<\/div>\n\t\t\t\t\t<\/div>\n\t\t<\/div>\n\t\t\t\t\t<\/div>\n\t\t<\/section>\n\t\t\t\t<\/div>\n\t\t","protected":false},"excerpt":{"rendered":"<p>horizonte institucional DIRECCIONAMIENTO ESTRAT\u00c9GICO ACAD\u00c9MICO \u00a0 El proyecto pretende ser una respuesta eficaz a las familias que desean para sus hijos e hijas una educaci\u00f3n de calidad, que promueva el desarrollo de sus talentos, prepare a las ni\u00f1as y a los j\u00f3venes para un mundo globalizado con el manejo de tres lenguas, brind\u00e1ndole ambientes de<a class=\"more-link\" href=\"https:\/\/summerhillschool.edu.co\/index.php\/horizonte-institucional\/\">Continue reading <span class=\"screen-reader-text\">Horizonte Institucional<\/span> <span class=\"meta-nav\" aria-hidden=\"true\">&rarr;<\/span><\/a><\/p>\n","protected":false},"author":5,"featured_media":0,"parent":0,"menu_order":0,"comment_status":"closed","ping_status":"closed","template":"elementor_header_footer","meta":{"footnotes":""},"class_list":["post-473","page","type-page","status-publish","hentry"],"_links":{"self":[{"href":"https:\/\/summerhillschool.edu.co\/index.php\/wp-json\/wp\/v2\/pages\/473","targetHints":{"allow":["GET"]}}],"collection":[{"href":"https:\/\/summerhillschool.edu.co\/index.php\/wp-json\/wp\/v2\/pages"}],"about":[{"href":"https:\/\/summerhillschool.edu.co\/index.php\/wp-json\/wp\/v2\/types\/page"}],"author":[{"embeddable":true,"href":"https:\/\/summerhillschool.edu.co\/index.php\/wp-json\/wp\/v2\/users\/5"}],"replies":[{"embeddable":true,"href":"https:\/\/summerhillschool.edu.co\/index.php\/wp-json\/wp\/v2\/comments?post=473"}],"version-history":[{"count":0,"href":"https:\/\/summerhillschool.edu.co\/index.php\/wp-json\/wp\/v2\/pages\/473\/revisions"}],"wp:attachment":[{"href":"https:\/\/summerhillschool.edu.co\/index.php\/wp-json\/wp\/v2\/media?parent=473"}],"curies":[{"name":"wp","href":"https:\/\/api.w.org\/{rel}","templated":true}]}}