{"id":3642,"date":"2021-05-20T01:22:22","date_gmt":"2021-05-20T06:22:22","guid":{"rendered":"https:\/\/web2.summerhillschool.edu.co\/?page_id=3642"},"modified":"2026-02-18T10:14:45","modified_gmt":"2026-02-18T15:14:45","slug":"noveno-3","status":"publish","type":"page","link":"https:\/\/summerhillschool.edu.co\/index.php\/noveno-3\/","title":{"rendered":"Noveno"},"content":{"rendered":"\t\t<div data-elementor-type=\"wp-page\" data-elementor-id=\"3642\" class=\"elementor elementor-3642\" data-elementor-post-type=\"page\">\n\t\t\t\t\t\t<section class=\"elementor-section elementor-top-section elementor-element elementor-element-5a6932f3 elementor-section-boxed elementor-section-height-default elementor-section-height-default\" data-id=\"5a6932f3\" data-element_type=\"section\" data-e-type=\"section\">\n\t\t\t\t\t\t<div class=\"elementor-container elementor-column-gap-default\">\n\t\t\t\t\t<div class=\"elementor-column elementor-col-100 elementor-top-column elementor-element elementor-element-10b3e563\" data-id=\"10b3e563\" data-element_type=\"column\" data-e-type=\"column\">\n\t\t\t<div class=\"elementor-widget-wrap elementor-element-populated\">\n\t\t\t\t\t\t<div class=\"elementor-element elementor-element-71acfa96 elementor-widget elementor-widget-text-editor\" data-id=\"71acfa96\" data-element_type=\"widget\" data-e-type=\"widget\" data-widget_type=\"text-editor.default\">\n\t\t\t\t<div class=\"elementor-widget-container\">\n\t\t\t\t\t\t\t\t\t<p style=\"text-align: center;\"><a href=\"https:\/\/summerhillschool.edu.co\/wp-content\/uploads\/unidades\/12noveno\/biologia.pdf\"><strong><span style=\"font-family: 'Trebuchet MS', Geneva;\">BIOLOG\u00cdA<\/span><\/strong><\/a><\/p><p style=\"text-align: center;\"><a href=\"https:\/\/summerhillschool.edu.co\/wp-content\/uploads\/unidades\/12noveno\/competencias.pdf\"><strong><span style=\"font-family: 'Trebuchet MS', Geneva;\">COMPETENCIAS CIUDADANAS<\/span><\/strong><\/a><\/p><p style=\"text-align: center;\"><a href=\"https:\/\/summerhillschool.edu.co\/wp-content\/uploads\/unidades\/12noveno\/comprension.pdf\"><strong><span style=\"font-family: 'Trebuchet MS', Geneva;\">COMPRENSI\u00d3N LECTORA<\/span><\/strong><\/a><\/p><p style=\"text-align: center;\"><a href=\"https:\/\/summerhillschool.edu.co\/wp-content\/uploads\/unidades\/12noveno\/danzas.pdf\"><strong><span style=\"font-family: 'Trebuchet MS', Geneva;\">DANZAS<\/span><\/strong><\/a><\/p><p style=\"text-align: center;\"><a href=\"https:\/\/summerhillschool.edu.co\/wp-content\/uploads\/unidades\/12noveno\/edfisica.pdf\"><strong><span style=\"font-family: 'Trebuchet MS', Geneva;\">EDUCACI\u00d3N F\u00cdSICA<\/span><\/strong><\/a><\/p><p style=\"text-align: center;\"><a href=\"https:\/\/summerhillschool.edu.co\/wp-content\/uploads\/unidades\/12noveno\/emprendimiento.pdf\"><strong><span style=\"font-family: 'Trebuchet MS', Geneva;\">EMPRENDIMIENTO<\/span><\/strong><\/a><\/p><p style=\"text-align: center;\"><a href=\"https:\/\/summerhillschool.edu.co\/wp-content\/uploads\/unidades\/12noveno\/espanol.pdf\"><strong><span style=\"font-family: 'Trebuchet MS', Geneva;\">ESPA\u00d1OL<\/span><\/strong><\/a><\/p><p style=\"text-align: center;\"><a href=\"https:\/\/summerhillschool.edu.co\/wp-content\/uploads\/unidades\/12noveno\/filosofia.pdf\"><strong><span style=\"font-family: 'Trebuchet MS', Geneva;\">FILOSOF\u00cdA<\/span><\/strong><\/a><\/p><p style=\"text-align: center;\"><a href=\"https:\/\/summerhillschool.edu.co\/wp-content\/uploads\/unidades\/12noveno\/fisica.pdf\"><strong><span style=\"font-family: 'Trebuchet MS', Geneva;\">F\u00cdSICA<\/span><\/strong><\/a><\/p><p style=\"text-align: center;\"><a href=\"https:\/\/summerhillschool.edu.co\/wp-content\/uploads\/unidades\/12noveno\/frances.pdf\"><strong><span style=\"font-family: 'Trebuchet MS', Geneva;\">FRANC\u00c9S<\/span><\/strong><\/a><\/p><p style=\"text-align: center;\"><a href=\"https:\/\/summerhillschool.edu.co\/wp-content\/uploads\/unidades\/12noveno\/historia.pdf\"><strong><span style=\"font-family: 'Trebuchet MS', Geneva;\">SOCIAL STUDIES<\/span><\/strong><\/a><\/p><p style=\"text-align: center;\"><a href=\"https:\/\/summerhillschool.edu.co\/wp-content\/uploads\/unidades\/12noveno\/informatica.pdf\"><strong><span style=\"font-family: 'Trebuchet MS', Geneva;\">INFORM\u00c1TICA<\/span><\/strong><\/a><\/p><p style=\"text-align: center;\"><a href=\"https:\/\/summerhillschool.edu.co\/wp-content\/uploads\/unidades\/12noveno\/ingles.pdf\"><strong><span style=\"font-family: 'Trebuchet MS', Geneva;\">INGL\u00c9S<\/span><\/strong><\/a><\/p><p style=\"text-align: center;\"><a href=\"https:\/\/summerhillschool.edu.co\/wp-content\/uploads\/unidades\/12noveno\/literatura.pdf\"><strong><span style=\"font-family: 'Trebuchet MS', Geneva;\">SPEAKING LAB<\/span><\/strong><\/a><\/p><p style=\"text-align: center;\"><a href=\"https:\/\/summerhillschool.edu.co\/wp-content\/uploads\/unidades\/12noveno\/math.pdf\"><strong><span style=\"font-family: 'Trebuchet MS', Geneva;\">MATH<\/span><\/strong><\/a><\/p><p style=\"text-align: center;\"><a href=\"https:\/\/summerhillschool.edu.co\/wp-content\/uploads\/unidades\/12noveno\/musica.pdf\"><strong><span style=\"font-family: 'Trebuchet MS', Geneva;\">M\u00daSICA<\/span><\/strong><\/a><\/p><p style=\"text-align: center;\"><a href=\"https:\/\/summerhillschool.edu.co\/wp-content\/uploads\/unidades\/12noveno\/pdh.pdf\"><strong><span style=\"font-family: 'Trebuchet MS', Geneva;\">PDH<\/span><\/strong><\/a><\/p><p style=\"text-align: center;\"><a href=\"https:\/\/summerhillschool.edu.co\/wp-content\/uploads\/unidades\/12noveno\/quimica.pdf\"><strong><span style=\"font-family: 'Trebuchet MS', Geneva;\">QU\u00cdMICA<\/span><\/strong><\/a><\/p>\t\t\t\t\t\t\t\t<\/div>\n\t\t\t\t<\/div>\n\t\t\t\t\t<\/div>\n\t\t<\/div>\n\t\t\t\t\t<\/div>\n\t\t<\/section>\n\t\t\t\t<\/div>\n\t\t","protected":false},"excerpt":{"rendered":"<p>BIOLOG\u00cdA COMPETENCIAS CIUDADANAS COMPRENSI\u00d3N LECTORA DANZAS EDUCACI\u00d3N F\u00cdSICA EMPRENDIMIENTO ESPA\u00d1OL FILOSOF\u00cdA F\u00cdSICA FRANC\u00c9S SOCIAL STUDIES INFORM\u00c1TICA INGL\u00c9S SPEAKING LAB MATH M\u00daSICA PDH QU\u00cdMICA<\/p>\n","protected":false},"author":5,"featured_media":0,"parent":0,"menu_order":0,"comment_status":"closed","ping_status":"closed","template":"page-templates\/fullwidth-template.php","meta":{"footnotes":""},"class_list":["post-3642","page","type-page","status-publish","hentry"],"_links":{"self":[{"href":"https:\/\/summerhillschool.edu.co\/index.php\/wp-json\/wp\/v2\/pages\/3642","targetHints":{"allow":["GET"]}}],"collection":[{"href":"https:\/\/summerhillschool.edu.co\/index.php\/wp-json\/wp\/v2\/pages"}],"about":[{"href":"https:\/\/summerhillschool.edu.co\/index.php\/wp-json\/wp\/v2\/types\/page"}],"author":[{"embeddable":true,"href":"https:\/\/summerhillschool.edu.co\/index.php\/wp-json\/wp\/v2\/users\/5"}],"replies":[{"embeddable":true,"href":"https:\/\/summerhillschool.edu.co\/index.php\/wp-json\/wp\/v2\/comments?post=3642"}],"version-history":[{"count":0,"href":"https:\/\/summerhillschool.edu.co\/index.php\/wp-json\/wp\/v2\/pages\/3642\/revisions"}],"wp:attachment":[{"href":"https:\/\/summerhillschool.edu.co\/index.php\/wp-json\/wp\/v2\/media?parent=3642"}],"curies":[{"name":"wp","href":"https:\/\/api.w.org\/{rel}","templated":true}]}}