{"id":3572,"date":"2021-05-19T18:36:10","date_gmt":"2021-05-19T18:36:10","guid":{"rendered":"https:\/\/web2.summerhillschool.edu.co\/?page_id=3572"},"modified":"2025-10-28T12:09:20","modified_gmt":"2025-10-28T17:09:20","slug":"sexto-3","status":"publish","type":"page","link":"https:\/\/summerhillschool.edu.co\/index.php\/sexto-3\/","title":{"rendered":"Sexto"},"content":{"rendered":"\t\t<div data-elementor-type=\"wp-page\" data-elementor-id=\"3572\" class=\"elementor elementor-3572\" data-elementor-post-type=\"page\">\n\t\t\t\t\t\t<section class=\"elementor-section elementor-top-section elementor-element elementor-element-66fd921a elementor-section-boxed elementor-section-height-default elementor-section-height-default\" data-id=\"66fd921a\" data-element_type=\"section\" data-e-type=\"section\">\n\t\t\t\t\t\t<div class=\"elementor-container elementor-column-gap-default\">\n\t\t\t\t\t<div class=\"elementor-column elementor-col-100 elementor-top-column elementor-element elementor-element-61cc4965\" data-id=\"61cc4965\" data-element_type=\"column\" data-e-type=\"column\">\n\t\t\t<div class=\"elementor-widget-wrap elementor-element-populated\">\n\t\t\t\t\t\t<div class=\"elementor-element elementor-element-39a415a3 elementor-widget elementor-widget-text-editor\" data-id=\"39a415a3\" data-element_type=\"widget\" data-e-type=\"widget\" data-widget_type=\"text-editor.default\">\n\t\t\t\t<div class=\"elementor-widget-container\">\n\t\t\t\t\t\t\t\t\t<p style=\"text-align: center;\"><a href=\"https:\/\/summerhillschool.edu.co\/wp-content\/uploads\/unidades\/9sexto\/ARTES.pdf\"><strong><span style=\"font-family: 'Trebuchet MS', Geneva;\">ARTES<\/span><\/strong><\/a><\/p><p style=\"text-align: center;\"><a href=\"https:\/\/summerhillschool.edu.co\/wp-content\/uploads\/unidades\/9sexto\/CIENCIAS.pdf\"><strong><span style=\"font-family: 'Trebuchet MS', Geneva;\">CIENCIAS<\/span><\/strong><\/a><\/p><p style=\"text-align: center;\"><a href=\"https:\/\/summerhillschool.edu.co\/wp-content\/uploads\/unidades\/9sexto\/COMPETENCIAS.pdf\"><strong><span style=\"font-family: 'Trebuchet MS', Geneva;\">COMPETENCIAS CIUDADANAS<\/span><\/strong><\/a><\/p><p style=\"text-align: center;\"><a href=\"https:\/\/summerhillschool.edu.co\/wp-content\/uploads\/unidades\/9sexto\/COMPRENSION.pdf\"><strong><span style=\"font-family: 'Trebuchet MS', Geneva;\">COMPRENSI\u00d3N LECTORA<\/span><\/strong><\/a><\/p><p style=\"text-align: center;\"><a href=\"https:\/\/summerhillschool.edu.co\/wp-content\/uploads\/unidades\/9sexto\/DANZAS.pdf\"><strong><span style=\"font-family: 'Trebuchet MS', Geneva;\">DANZAS<\/span><\/strong><\/a><\/p><p style=\"text-align: center;\"><a href=\"https:\/\/summerhillschool.edu.co\/wp-content\/uploads\/unidades\/9sexto\/EDUFISICA.pdf\"><strong><span style=\"font-family: 'Trebuchet MS', Geneva;\">EDUCACI\u00d3N F\u00cdSICA<\/span><\/strong><\/a><\/p><p style=\"text-align: center;\"><a href=\"https:\/\/summerhillschool.edu.co\/wp-content\/uploads\/unidades\/9sexto\/ESPANOL.pdf\"><strong><span style=\"font-family: 'Trebuchet MS', Geneva;\">E<\/span><span style=\"font-family: 'Trebuchet MS', Geneva;\">SPA\u00d1OL<\/span><\/strong><\/a><\/p><p style=\"text-align: center;\"><a href=\"https:\/\/summerhillschool.edu.co\/wp-content\/uploads\/unidades\/9sexto\/FRANCES.pdf\"><strong><span style=\"font-family: 'Trebuchet MS', Geneva;\">FRANC\u00c9S<\/span><\/strong><\/a><\/p><p style=\"text-align: center;\"><a href=\"https:\/\/summerhillschool.edu.co\/wp-content\/uploads\/unidades\/9sexto\/HISTORIA.pdf\"><strong><span style=\"font-family: 'Trebuchet MS', Geneva;\">HISTORIA<\/span><\/strong><\/a><\/p><p style=\"text-align: center;\"><a href=\"https:\/\/summerhillschool.edu.co\/wp-content\/uploads\/unidades\/9sexto\/GEOGRAFIA.pdf\"><strong><span style=\"font-family: 'Trebuchet MS', Geneva;\">GEOGRAF\u00cdA<\/span><\/strong><\/a><\/p><p style=\"text-align: center;\"><a href=\"https:\/\/summerhillschool.edu.co\/wp-content\/uploads\/unidades\/9sexto\/INFORMATICA.pdf\"><strong><span style=\"font-family: 'Trebuchet MS', Geneva;\">INFORM\u00c1TICA<\/span><\/strong><\/a><\/p><p style=\"text-align: center;\"><a href=\"https:\/\/summerhillschool.edu.co\/wp-content\/uploads\/unidades\/9sexto\/INGLES.pdf\"><strong><span style=\"font-family: 'Trebuchet MS', Geneva;\">INGL\u00c9S<\/span><\/strong><\/a><\/p><p style=\"text-align: center;\"><a href=\"https:\/\/summerhillschool.edu.co\/wp-content\/uploads\/unidades\/9sexto\/LITERATURA.pdf\"><strong><span style=\"font-family: 'Trebuchet MS', Geneva;\">SPEAKING LAB<\/span><\/strong><\/a><\/p><p style=\"text-align: center;\"><a href=\"https:\/\/summerhillschool.edu.co\/wp-content\/uploads\/unidades\/9sexto\/MATH.pdf\"><strong><span style=\"font-family: 'Trebuchet MS', Geneva;\">MATH<\/span><\/strong><\/a><\/p><p style=\"text-align: center;\"><a href=\"https:\/\/summerhillschool.edu.co\/wp-content\/uploads\/unidades\/9sexto\/MUSICA.pdf\"><strong><span style=\"font-family: 'Trebuchet MS', Geneva;\">M\u00daSICA<\/span><\/strong><\/a><\/p><p style=\"text-align: center;\"><a href=\"https:\/\/summerhillschool.edu.co\/wp-content\/uploads\/unidades\/9sexto\/PDH.pdf\"><strong><span style=\"font-family: 'Trebuchet MS', Geneva;\">PDH<\/span><\/strong><\/a><\/p><p style=\"text-align: center;\"><a href=\"https:\/\/summerhillschool.edu.co\/wp-content\/uploads\/unidades\/9sexto\/EMPRENDIMIENTO.pdf\"><strong><span style=\"font-family: 'Trebuchet MS', Geneva;\">EMPRENDIMIENTO<\/span><\/strong><\/a><\/p>\t\t\t\t\t\t\t\t<\/div>\n\t\t\t\t<\/div>\n\t\t\t\t\t<\/div>\n\t\t<\/div>\n\t\t\t\t\t<\/div>\n\t\t<\/section>\n\t\t\t\t<\/div>\n\t\t","protected":false},"excerpt":{"rendered":"<p>ARTES CIENCIAS COMPETENCIAS CIUDADANAS COMPRENSI\u00d3N LECTORA DANZAS EDUCACI\u00d3N F\u00cdSICA ESPA\u00d1OL FRANC\u00c9S HISTORIA GEOGRAF\u00cdA INFORM\u00c1TICA INGL\u00c9S SPEAKING LAB MATH M\u00daSICA PDH EMPRENDIMIENTO<\/p>\n","protected":false},"author":5,"featured_media":0,"parent":0,"menu_order":0,"comment_status":"closed","ping_status":"closed","template":"page-templates\/fullwidth-template.php","meta":{"footnotes":""},"class_list":["post-3572","page","type-page","status-publish","hentry"],"_links":{"self":[{"href":"https:\/\/summerhillschool.edu.co\/index.php\/wp-json\/wp\/v2\/pages\/3572","targetHints":{"allow":["GET"]}}],"collection":[{"href":"https:\/\/summerhillschool.edu.co\/index.php\/wp-json\/wp\/v2\/pages"}],"about":[{"href":"https:\/\/summerhillschool.edu.co\/index.php\/wp-json\/wp\/v2\/types\/page"}],"author":[{"embeddable":true,"href":"https:\/\/summerhillschool.edu.co\/index.php\/wp-json\/wp\/v2\/users\/5"}],"replies":[{"embeddable":true,"href":"https:\/\/summerhillschool.edu.co\/index.php\/wp-json\/wp\/v2\/comments?post=3572"}],"version-history":[{"count":0,"href":"https:\/\/summerhillschool.edu.co\/index.php\/wp-json\/wp\/v2\/pages\/3572\/revisions"}],"wp:attachment":[{"href":"https:\/\/summerhillschool.edu.co\/index.php\/wp-json\/wp\/v2\/media?parent=3572"}],"curies":[{"name":"wp","href":"https:\/\/api.w.org\/{rel}","templated":true}]}}