{"id":3530,"date":"2021-05-19T18:10:12","date_gmt":"2021-05-19T18:10:12","guid":{"rendered":"https:\/\/web2.summerhillschool.edu.co\/?page_id=3530"},"modified":"2025-10-28T12:06:49","modified_gmt":"2025-10-28T17:06:49","slug":"cuarto","status":"publish","type":"page","link":"https:\/\/summerhillschool.edu.co\/index.php\/cuarto\/","title":{"rendered":"Cuarto"},"content":{"rendered":"\t\t<div data-elementor-type=\"wp-page\" data-elementor-id=\"3530\" class=\"elementor elementor-3530\" data-elementor-post-type=\"page\">\n\t\t\t\t\t\t<section class=\"elementor-section elementor-top-section elementor-element elementor-element-53b929c elementor-section-boxed elementor-section-height-default elementor-section-height-default\" data-id=\"53b929c\" data-element_type=\"section\" data-e-type=\"section\">\n\t\t\t\t\t\t<div class=\"elementor-container elementor-column-gap-default\">\n\t\t\t\t\t<div class=\"elementor-column elementor-col-100 elementor-top-column elementor-element elementor-element-75180ed5\" data-id=\"75180ed5\" data-element_type=\"column\" data-e-type=\"column\">\n\t\t\t<div class=\"elementor-widget-wrap elementor-element-populated\">\n\t\t\t\t\t\t<div class=\"elementor-element elementor-element-7f064ee2 elementor-widget elementor-widget-text-editor\" data-id=\"7f064ee2\" data-element_type=\"widget\" data-e-type=\"widget\" data-widget_type=\"text-editor.default\">\n\t\t\t\t<div class=\"elementor-widget-container\">\n\t\t\t\t\t\t\t\t\t<p style=\"text-align: center;\"><a href=\"https:\/\/summerhillschool.edu.co\/wp-content\/uploads\/unidades\/7cuarto\/artes.pdf\"><strong><span style=\"font-family: 'Trebuchet MS', Geneva;\">ARTES<\/span><\/strong><\/a><\/p><p style=\"text-align: center;\"><a href=\"https:\/\/summerhillschool.edu.co\/wp-content\/uploads\/unidades\/7cuarto\/ciencias.pdf\"><strong><span style=\"font-family: 'Trebuchet MS', Geneva;\">CIENCIAS<\/span><\/strong><\/a><\/p><p style=\"text-align: center;\"><a href=\"https:\/\/summerhillschool.edu.co\/wp-content\/uploads\/unidades\/7cuarto\/competencias.pdf\"><strong><span style=\"font-family: 'Trebuchet MS', Geneva;\">COMPETENCIAS CIUDADANAS<\/span><\/strong><\/a><\/p><p style=\"text-align: center;\"><a href=\"https:\/\/summerhillschool.edu.co\/wp-content\/uploads\/unidades\/7cuarto\/comprension.pdf\"><strong><span style=\"font-family: 'Trebuchet MS', Geneva;\">COMPRENSI\u00d3N LECTORA<\/span><\/strong><\/a><\/p><p style=\"text-align: center;\"><a href=\"https:\/\/summerhillschool.edu.co\/wp-content\/uploads\/unidades\/7cuarto\/danzas.pdf\"><strong><span style=\"font-family: 'Trebuchet MS', Geneva;\">DANZAS<\/span><\/strong><\/a><\/p><p style=\"text-align: center;\"><a href=\"https:\/\/summerhillschool.edu.co\/wp-content\/uploads\/unidades\/7cuarto\/edfisica.pdf\"><strong><span style=\"font-family: 'Trebuchet MS', Geneva;\">EDUCACI\u00d3N F\u00cdSICA<\/span><\/strong><\/a><\/p><p style=\"text-align: center;\"><a href=\"https:\/\/summerhillschool.edu.co\/wp-content\/uploads\/unidades\/7cuarto\/espanol.pdf\"><strong><span style=\"font-family: 'Trebuchet MS', Geneva;\">ESPA\u00d1OL<\/span><\/strong><\/a><\/p><p style=\"text-align: center;\"><a href=\"https:\/\/summerhillschool.edu.co\/wp-content\/uploads\/unidades\/7cuarto\/frances.pdf\"><strong><span style=\"font-family: 'Trebuchet MS', Geneva;\">FRANC\u00c9S<\/span><\/strong><\/a><\/p><p style=\"text-align: center;\"><a href=\"https:\/\/summerhillschool.edu.co\/wp-content\/uploads\/unidades\/7cuarto\/geografia.pdf\"><strong><span style=\"font-family: 'Trebuchet MS', Geneva;\">GEOGRAF\u00cdA<\/span><\/strong><\/a><\/p><p style=\"text-align: center;\"><a href=\"https:\/\/summerhillschool.edu.co\/wp-content\/uploads\/unidades\/7cuarto\/historia.pdf\"><strong><span style=\"font-family: 'Trebuchet MS', Geneva;\">HISTORIA<\/span><\/strong><\/a><\/p><p style=\"text-align: center;\"><a href=\"https:\/\/summerhillschool.edu.co\/wp-content\/uploads\/unidades\/7cuarto\/informatica.pdf\"><strong><span style=\"font-family: 'Trebuchet MS', Geneva;\">INFORM\u00c1TICA<\/span><\/strong><\/a><\/p><p style=\"text-align: center;\"><a href=\"https:\/\/summerhillschool.edu.co\/wp-content\/uploads\/unidades\/7cuarto\/ingles.pdf\"><strong><span style=\"font-family: 'Trebuchet MS', Geneva;\">INGL\u00c9S<\/span><\/strong><\/a><\/p><p style=\"text-align: center;\"><a href=\"https:\/\/summerhillschool.edu.co\/wp-content\/uploads\/unidades\/7cuarto\/literatura_inglesa.pdf\"><strong><span style=\"font-family: 'Trebuchet MS', Geneva;\">SPEAKING LAB<\/span><\/strong><\/a><\/p><p style=\"text-align: center;\"><a href=\"https:\/\/summerhillschool.edu.co\/wp-content\/uploads\/unidades\/7cuarto\/matematicas.pdf\"><strong><span style=\"font-family: 'Trebuchet MS', Geneva;\">MATEM\u00c1TICAS<\/span><\/strong><\/a><\/p><p style=\"text-align: center;\"><a href=\"https:\/\/summerhillschool.edu.co\/wp-content\/uploads\/unidades\/7cuarto\/musica.pdf\"><strong><span style=\"font-family: 'Trebuchet MS', Geneva;\">M\u00daSICA<\/span><\/strong><\/a><\/p><p style=\"text-align: center;\"><a href=\"https:\/\/summerhillschool.edu.co\/wp-content\/uploads\/unidades\/7cuarto\/pdh.pdf\"><strong><span style=\"font-family: 'Trebuchet MS', Geneva;\">PDH<\/span><\/strong><\/a><\/p>\t\t\t\t\t\t\t\t<\/div>\n\t\t\t\t<\/div>\n\t\t\t\t\t<\/div>\n\t\t<\/div>\n\t\t\t\t\t<\/div>\n\t\t<\/section>\n\t\t\t\t<\/div>\n\t\t","protected":false},"excerpt":{"rendered":"<p>ARTES CIENCIAS COMPETENCIAS CIUDADANAS COMPRENSI\u00d3N LECTORA DANZAS EDUCACI\u00d3N F\u00cdSICA ESPA\u00d1OL FRANC\u00c9S GEOGRAF\u00cdA HISTORIA INFORM\u00c1TICA INGL\u00c9S SPEAKING LAB MATEM\u00c1TICAS M\u00daSICA PDH<\/p>\n","protected":false},"author":5,"featured_media":0,"parent":0,"menu_order":0,"comment_status":"closed","ping_status":"closed","template":"page-templates\/fullwidth-template.php","meta":{"footnotes":""},"class_list":["post-3530","page","type-page","status-publish","hentry"],"_links":{"self":[{"href":"https:\/\/summerhillschool.edu.co\/index.php\/wp-json\/wp\/v2\/pages\/3530","targetHints":{"allow":["GET"]}}],"collection":[{"href":"https:\/\/summerhillschool.edu.co\/index.php\/wp-json\/wp\/v2\/pages"}],"about":[{"href":"https:\/\/summerhillschool.edu.co\/index.php\/wp-json\/wp\/v2\/types\/page"}],"author":[{"embeddable":true,"href":"https:\/\/summerhillschool.edu.co\/index.php\/wp-json\/wp\/v2\/users\/5"}],"replies":[{"embeddable":true,"href":"https:\/\/summerhillschool.edu.co\/index.php\/wp-json\/wp\/v2\/comments?post=3530"}],"version-history":[{"count":0,"href":"https:\/\/summerhillschool.edu.co\/index.php\/wp-json\/wp\/v2\/pages\/3530\/revisions"}],"wp:attachment":[{"href":"https:\/\/summerhillschool.edu.co\/index.php\/wp-json\/wp\/v2\/media?parent=3530"}],"curies":[{"name":"wp","href":"https:\/\/api.w.org\/{rel}","templated":true}]}}