{"id":3509,"date":"2021-05-19T17:55:15","date_gmt":"2021-05-19T17:55:15","guid":{"rendered":"https:\/\/web2.summerhillschool.edu.co\/?page_id=3509"},"modified":"2025-10-28T12:05:03","modified_gmt":"2025-10-28T17:05:03","slug":"tercero","status":"publish","type":"page","link":"https:\/\/summerhillschool.edu.co\/index.php\/tercero\/","title":{"rendered":"Tercero"},"content":{"rendered":"\t\t<div data-elementor-type=\"wp-page\" data-elementor-id=\"3509\" class=\"elementor elementor-3509\" data-elementor-post-type=\"page\">\n\t\t\t\t\t\t<section class=\"elementor-section elementor-top-section elementor-element elementor-element-e74eb43 elementor-section-boxed elementor-section-height-default elementor-section-height-default\" data-id=\"e74eb43\" data-element_type=\"section\" data-e-type=\"section\">\n\t\t\t\t\t\t<div class=\"elementor-container elementor-column-gap-default\">\n\t\t\t\t\t<div class=\"elementor-column elementor-col-100 elementor-top-column elementor-element elementor-element-13a9c5da\" data-id=\"13a9c5da\" data-element_type=\"column\" data-e-type=\"column\">\n\t\t\t<div class=\"elementor-widget-wrap elementor-element-populated\">\n\t\t\t\t\t\t<div class=\"elementor-element elementor-element-7c2632b9 elementor-widget elementor-widget-text-editor\" data-id=\"7c2632b9\" data-element_type=\"widget\" data-e-type=\"widget\" data-widget_type=\"text-editor.default\">\n\t\t\t\t<div class=\"elementor-widget-container\">\n\t\t\t\t\t\t\t\t\t<p style=\"text-align: center;\"><a href=\"https:\/\/summerhillschool.edu.co\/wp-content\/uploads\/unidades\/6tercero\/artes.pdf\"><strong><span style=\"font-family: 'Trebuchet MS', Geneva;\">ARTES<\/span><\/strong><\/a><\/p><p style=\"text-align: center;\"><a href=\"https:\/\/summerhillschool.edu.co\/wp-content\/uploads\/unidades\/6tercero\/ciencias.pdf\"><strong><span style=\"font-family: 'Trebuchet MS', Geneva;\">CIENCIAS NATURALES<\/span><\/strong><\/a><\/p><p style=\"text-align: center;\"><a href=\"https:\/\/summerhillschool.edu.co\/wp-content\/uploads\/unidades\/6tercero\/competencias_ciudadanas.pdf\"><strong><span style=\"font-family: 'Trebuchet MS', Geneva;\">COMPETENCIAS CIUDADANAS<\/span><\/strong><\/a><\/p><p style=\"text-align: center;\"><a href=\"https:\/\/summerhillschool.edu.co\/wp-content\/uploads\/unidades\/6tercero\/comprension_lectora.pdf\"><strong><span style=\"font-family: 'Trebuchet MS', Geneva;\">COMPRENSI\u00d3N LECTORA<\/span><\/strong><\/a><\/p><p style=\"text-align: center;\"><a href=\"https:\/\/summerhillschool.edu.co\/wp-content\/uploads\/unidades\/6tercero\/danzas.pdf\"><strong><span style=\"font-family: 'Trebuchet MS', Geneva;\">DANZAS<\/span><\/strong><\/a><\/p><p style=\"text-align: center;\"><a href=\"https:\/\/summerhillschool.edu.co\/wp-content\/uploads\/unidades\/6tercero\/edfisica.pdf\"><strong><span style=\"font-family: 'Trebuchet MS', Geneva;\">EDUCACI\u00d3N F\u00cdSICA<\/span><\/strong><\/a><\/p><p style=\"text-align: center;\"><a href=\"https:\/\/summerhillschool.edu.co\/wp-content\/uploads\/unidades\/6tercero\/ingles.pdf\"><strong><span style=\"font-family: 'Trebuchet MS', Geneva;\">ENGLISH<\/span><\/strong><\/a><\/p><p style=\"text-align: center;\"><a href=\"https:\/\/summerhillschool.edu.co\/wp-content\/uploads\/unidades\/6tercero\/lenguaje.pdf\"><strong><span style=\"font-family: 'Trebuchet MS', Geneva;\">ESPA\u00d1OL<\/span><\/strong><\/a><\/p><p style=\"text-align: center;\"><a href=\"https:\/\/summerhillschool.edu.co\/wp-content\/uploads\/unidades\/6tercero\/frances.pdf\"><strong><span style=\"font-family: 'Trebuchet MS', Geneva;\">FRANC\u00c9S<\/span><\/strong><\/a><\/p><p style=\"text-align: center;\"><a href=\"https:\/\/summerhillschool.edu.co\/wp-content\/uploads\/unidades\/6tercero\/geografia.pdf\"><strong><span style=\"font-family: 'Trebuchet MS', Geneva;\">GEOGRAF\u00cdA<\/span><\/strong><\/a><\/p><p style=\"text-align: center;\"><a href=\"https:\/\/summerhillschool.edu.co\/wp-content\/uploads\/unidades\/6tercero\/historia.pdf\"><strong><span style=\"font-family: 'Trebuchet MS', Geneva;\">HISTORIA<\/span><\/strong><\/a><\/p><p style=\"text-align: center;\"><a href=\"https:\/\/summerhillschool.edu.co\/wp-content\/uploads\/unidades\/6tercero\/informatica.pdf\"><strong><span style=\"font-family: 'Trebuchet MS', Geneva;\">INFORM\u00c1TICA<\/span><\/strong><\/a><\/p><p style=\"text-align: center;\"><a href=\"https:\/\/summerhillschool.edu.co\/wp-content\/uploads\/unidades\/6tercero\/literatura.pdf\"><strong><span style=\"font-family: 'Trebuchet MS', Geneva;\">SPEAKING LAB<\/span><\/strong><\/a><\/p><p style=\"text-align: center;\"><a href=\"https:\/\/summerhillschool.edu.co\/wp-content\/uploads\/unidades\/6tercero\/math.pdf\"><strong><span style=\"font-family: 'Trebuchet MS', Geneva;\">MATH<\/span><\/strong><\/a><\/p><p style=\"text-align: center;\"><a href=\"https:\/\/summerhillschool.edu.co\/wp-content\/uploads\/unidades\/6tercero\/musica.pdf\"><strong><span style=\"font-family: 'Trebuchet MS', Geneva;\">M\u00daSICA<\/span><\/strong><\/a><\/p><p style=\"text-align: center;\"><a href=\"https:\/\/summerhillschool.edu.co\/wp-content\/uploads\/unidades\/6tercero\/pdh.pdf\"><strong><span style=\"font-family: 'Trebuchet MS', Geneva;\">PDH<\/span><\/strong><\/a><\/p>\t\t\t\t\t\t\t\t<\/div>\n\t\t\t\t<\/div>\n\t\t\t\t\t<\/div>\n\t\t<\/div>\n\t\t\t\t\t<\/div>\n\t\t<\/section>\n\t\t\t\t<\/div>\n\t\t","protected":false},"excerpt":{"rendered":"<p>ARTES CIENCIAS NATURALES COMPETENCIAS CIUDADANAS COMPRENSI\u00d3N LECTORA DANZAS EDUCACI\u00d3N F\u00cdSICA ENGLISH ESPA\u00d1OL FRANC\u00c9S GEOGRAF\u00cdA HISTORIA INFORM\u00c1TICA SPEAKING LAB MATH M\u00daSICA PDH<\/p>\n","protected":false},"author":5,"featured_media":0,"parent":0,"menu_order":0,"comment_status":"closed","ping_status":"closed","template":"page-templates\/fullwidth-template.php","meta":{"footnotes":""},"class_list":["post-3509","page","type-page","status-publish","hentry"],"_links":{"self":[{"href":"https:\/\/summerhillschool.edu.co\/index.php\/wp-json\/wp\/v2\/pages\/3509","targetHints":{"allow":["GET"]}}],"collection":[{"href":"https:\/\/summerhillschool.edu.co\/index.php\/wp-json\/wp\/v2\/pages"}],"about":[{"href":"https:\/\/summerhillschool.edu.co\/index.php\/wp-json\/wp\/v2\/types\/page"}],"author":[{"embeddable":true,"href":"https:\/\/summerhillschool.edu.co\/index.php\/wp-json\/wp\/v2\/users\/5"}],"replies":[{"embeddable":true,"href":"https:\/\/summerhillschool.edu.co\/index.php\/wp-json\/wp\/v2\/comments?post=3509"}],"version-history":[{"count":0,"href":"https:\/\/summerhillschool.edu.co\/index.php\/wp-json\/wp\/v2\/pages\/3509\/revisions"}],"wp:attachment":[{"href":"https:\/\/summerhillschool.edu.co\/index.php\/wp-json\/wp\/v2\/media?parent=3509"}],"curies":[{"name":"wp","href":"https:\/\/api.w.org\/{rel}","templated":true}]}}