{"id":346,"date":"2016-02-24T12:23:54","date_gmt":"2016-02-24T12:23:54","guid":{"rendered":"http:\/\/www.anarieldesign.com\/themedemos\/pena\/?page_id=346"},"modified":"2025-04-25T09:43:29","modified_gmt":"2025-04-25T14:43:29","slug":"p-e-i","status":"publish","type":"page","link":"https:\/\/summerhillschool.edu.co\/index.php\/p-e-i\/","title":{"rendered":"P.E.I"},"content":{"rendered":"\t\t<div data-elementor-type=\"wp-page\" data-elementor-id=\"346\" class=\"elementor elementor-346\" data-elementor-post-type=\"page\">\n\t\t\t\t\t\t<section class=\"elementor-section elementor-top-section elementor-element elementor-element-811a202 elementor-section-boxed elementor-section-height-default elementor-section-height-default\" data-id=\"811a202\" data-element_type=\"section\" data-e-type=\"section\">\n\t\t\t\t\t\t<div class=\"elementor-container elementor-column-gap-default\">\n\t\t\t\t\t<div class=\"elementor-column elementor-col-100 elementor-top-column elementor-element elementor-element-31d749b\" data-id=\"31d749b\" data-element_type=\"column\" data-e-type=\"column\">\n\t\t\t<div class=\"elementor-widget-wrap elementor-element-populated\">\n\t\t\t\t\t\t<div class=\"elementor-element elementor-element-8bc5d8f elementor-widget elementor-widget-spacer\" data-id=\"8bc5d8f\" data-element_type=\"widget\" data-e-type=\"widget\" data-widget_type=\"spacer.default\">\n\t\t\t\t<div class=\"elementor-widget-container\">\n\t\t\t\t\t\t\t<div class=\"elementor-spacer\">\n\t\t\t<div class=\"elementor-spacer-inner\"><\/div>\n\t\t<\/div>\n\t\t\t\t\t\t<\/div>\n\t\t\t\t<\/div>\n\t\t\t\t\t<\/div>\n\t\t<\/div>\n\t\t\t\t\t<\/div>\n\t\t<\/section>\n\t\t\t\t<section class=\"elementor-section elementor-top-section elementor-element elementor-element-6fd431e elementor-section-boxed elementor-section-height-default elementor-section-height-default\" data-id=\"6fd431e\" data-element_type=\"section\" data-e-type=\"section\">\n\t\t\t\t\t\t<div class=\"elementor-container elementor-column-gap-default\">\n\t\t\t\t\t<div class=\"elementor-column elementor-col-100 elementor-top-column elementor-element elementor-element-0d18cdd\" data-id=\"0d18cdd\" data-element_type=\"column\" data-e-type=\"column\">\n\t\t\t<div class=\"elementor-widget-wrap elementor-element-populated\">\n\t\t\t\t\t\t<div class=\"elementor-element elementor-element-9705499 elementor-headline--style-highlight elementor-widget elementor-widget-animated-headline\" data-id=\"9705499\" data-element_type=\"widget\" data-e-type=\"widget\" data-settings=\"{&quot;highlighted_text&quot;:&quot;P.E.I&quot;,&quot;headline_style&quot;:&quot;highlight&quot;,&quot;marker&quot;:&quot;circle&quot;,&quot;loop&quot;:&quot;yes&quot;,&quot;highlight_animation_duration&quot;:1200,&quot;highlight_iteration_delay&quot;:8000}\" data-widget_type=\"animated-headline.default\">\n\t\t\t\t<div class=\"elementor-widget-container\">\n\t\t\t\t\t\t\t<h3 class=\"elementor-headline\">\n\t\t\t\t<span class=\"elementor-headline-dynamic-wrapper elementor-headline-text-wrapper\">\n\t\t\t\t\t<span class=\"elementor-headline-dynamic-text elementor-headline-text-active\">P.E.I<\/span>\n\t\t\t\t<\/span>\n\t\t\t\t<\/h3>\n\t\t\t\t\t\t<\/div>\n\t\t\t\t<\/div>\n\t\t\t\t\t<\/div>\n\t\t<\/div>\n\t\t\t\t\t<\/div>\n\t\t<\/section>\n\t\t\t\t<section class=\"elementor-section elementor-top-section elementor-element elementor-element-69338c36 elementor-section-boxed elementor-section-height-default elementor-section-height-default\" data-id=\"69338c36\" data-element_type=\"section\" data-e-type=\"section\">\n\t\t\t\t\t\t<div class=\"elementor-container elementor-column-gap-default\">\n\t\t\t\t\t<div class=\"elementor-column elementor-col-100 elementor-top-column elementor-element elementor-element-d690209\" data-id=\"d690209\" data-element_type=\"column\" data-e-type=\"column\">\n\t\t\t<div class=\"elementor-widget-wrap elementor-element-populated\">\n\t\t\t\t\t\t<div class=\"elementor-element elementor-element-73a2218a elementor-widget elementor-widget-text-editor\" data-id=\"73a2218a\" data-element_type=\"widget\" data-e-type=\"widget\" data-widget_type=\"text-editor.default\">\n\t\t\t\t<div class=\"elementor-widget-container\">\n\t\t\t\t\t\t\t\t\t<p style=\"text-align: justify;\"><span style=\"font-family: 'Trebuchet MS', Geneva; color: #000000;\"><strong>SUMMERHILL SCHOOL<\/strong> nace como proyecto educativo en la sede campestre del kil\u00f3metro 3 de la v\u00eda Siberia \u2013Cota a mediados del a\u00f1o 1999 fecha en la cual se presenta ante la Secretar\u00eda de Educaci\u00f3n de Cundinamarca el PEI \u201cEducamos con Amor y Sabidur\u00eda\u201d y una vez con el lleno de los requisitos legales inicia labores en febrero del a\u00f1o 2000.<\/span><\/p><p style=\"text-align: justify;\"><span style=\"font-family: 'Trebuchet MS', Geneva; color: #000000;\">El nombre de la Instituci\u00f3n proviene del ilustre pedagogo escoc\u00e9s, Alexander Neill Summerhill (1883 \u20131973), seg\u00fan \u00e9l, la educaci\u00f3n de nuestras emociones, principios y valores, aspectos que nos definen a lo largo de nuestras vidas, est\u00e1 fuertemente influenciado por el ambiente, en efecto, cuando los ni\u00f1os, ni\u00f1as y j\u00f3venes se educan en un ambiente cercano a la naturaleza, tranquilo y reciben de sus maestros un trato amable y amoroso, unido a una ense\u00f1anza exigente en forma razonada, podemos decir que estamos educando con \u201camor y sabidur\u00eda\u201d.<\/span><\/p><p style=\"text-align: justify;\"><span style=\"font-family: 'Trebuchet MS', Geneva; color: #000000;\">Un grupo reducido de estudiantes, entre ni\u00f1os, ni\u00f1as y j\u00f3venes, fueron los primeros (as) que ocuparon nuestras aulas y estas familias son las primeras que depositan un voto de confianza en el colegio que desde el inicio marca unas metas claras como Instituci\u00f3n y que bajo unos altos est\u00e1ndares de calidad, imprime en cada uno de sus procesos una singular exigencia, la misma que la ha llevado a cohesionar una cultura de excelencia en el tiempo.<\/span><\/p><p style=\"text-align: justify;\"><span style=\"font-family: 'Trebuchet MS', Geneva; color: #000000;\">Nuestro Proyecto Educativo Institucional es una respuesta eficaz a las familias que desean para sus hijos e hijas una educaci\u00f3n de calidad, que promueva el desarrollo de sus talentos, prepare a los ni\u00f1os, ni\u00f1as y a los j\u00f3venes para un mundo globalizado con el manejo de una segunda lengua, brind\u00e1ndoles ambientes de aprendizaje sanos, rodeados de amor, calidez y felicidad.<\/span><\/p><p style=\"text-align: justify;\"><span style=\"font-family: 'Trebuchet MS', Geneva; color: #000000;\">Para este a\u00f1o 2025 graduaremos la promoci\u00f3n n\u00famero 15 de bachilleres, en sus resultados, todas ubicadas en el Nivel Muy Superior de las pruebas SABER 11 y continuamos educando ni\u00f1os, ni\u00f1as y j\u00f3venes conforme a nuestra misi\u00f3n propuesta desde su fundaci\u00f3n<\/span><\/p>\t\t\t\t\t\t\t\t<\/div>\n\t\t\t\t<\/div>\n\t\t\t\t\t<\/div>\n\t\t<\/div>\n\t\t\t\t\t<\/div>\n\t\t<\/section>\n\t\t\t\t<\/div>\n\t\t","protected":false},"excerpt":{"rendered":"<p>P.E.I SUMMERHILL SCHOOL nace como proyecto educativo en la sede campestre del kil\u00f3metro 3 de la v\u00eda Siberia \u2013Cota a mediados del a\u00f1o 1999 fecha en la cual se presenta ante la Secretar\u00eda de Educaci\u00f3n de Cundinamarca el PEI \u201cEducamos con Amor y Sabidur\u00eda\u201d y una vez con el lleno de los requisitos legales inicia<a class=\"more-link\" href=\"https:\/\/summerhillschool.edu.co\/index.php\/p-e-i\/\">Continue reading <span class=\"screen-reader-text\">P.E.I<\/span> <span class=\"meta-nav\" aria-hidden=\"true\">&rarr;<\/span><\/a><\/p>\n","protected":false},"author":5,"featured_media":0,"parent":0,"menu_order":0,"comment_status":"closed","ping_status":"closed","template":"elementor_header_footer","meta":{"footnotes":""},"class_list":["post-346","page","type-page","status-publish","hentry"],"_links":{"self":[{"href":"https:\/\/summerhillschool.edu.co\/index.php\/wp-json\/wp\/v2\/pages\/346","targetHints":{"allow":["GET"]}}],"collection":[{"href":"https:\/\/summerhillschool.edu.co\/index.php\/wp-json\/wp\/v2\/pages"}],"about":[{"href":"https:\/\/summerhillschool.edu.co\/index.php\/wp-json\/wp\/v2\/types\/page"}],"author":[{"embeddable":true,"href":"https:\/\/summerhillschool.edu.co\/index.php\/wp-json\/wp\/v2\/users\/5"}],"replies":[{"embeddable":true,"href":"https:\/\/summerhillschool.edu.co\/index.php\/wp-json\/wp\/v2\/comments?post=346"}],"version-history":[{"count":0,"href":"https:\/\/summerhillschool.edu.co\/index.php\/wp-json\/wp\/v2\/pages\/346\/revisions"}],"wp:attachment":[{"href":"https:\/\/summerhillschool.edu.co\/index.php\/wp-json\/wp\/v2\/media?parent=346"}],"curies":[{"name":"wp","href":"https:\/\/api.w.org\/{rel}","templated":true}]}}