{"id":3435,"date":"2021-05-19T17:13:22","date_gmt":"2021-05-19T17:13:22","guid":{"rendered":"https:\/\/web2.summerhillschool.edu.co\/?page_id=3435"},"modified":"2025-10-28T12:02:44","modified_gmt":"2025-10-28T17:02:44","slug":"primero","status":"publish","type":"page","link":"https:\/\/summerhillschool.edu.co\/index.php\/primero\/","title":{"rendered":"Primero"},"content":{"rendered":"\t\t<div data-elementor-type=\"wp-page\" data-elementor-id=\"3435\" class=\"elementor elementor-3435\" data-elementor-post-type=\"page\">\n\t\t\t\t\t\t<section class=\"elementor-section elementor-top-section elementor-element elementor-element-5c741706 elementor-section-boxed elementor-section-height-default elementor-section-height-default\" data-id=\"5c741706\" data-element_type=\"section\" data-e-type=\"section\">\n\t\t\t\t\t\t<div class=\"elementor-container elementor-column-gap-default\">\n\t\t\t\t\t<div class=\"elementor-column elementor-col-100 elementor-top-column elementor-element elementor-element-195aadd3\" data-id=\"195aadd3\" data-element_type=\"column\" data-e-type=\"column\">\n\t\t\t<div class=\"elementor-widget-wrap elementor-element-populated\">\n\t\t\t\t\t\t<div class=\"elementor-element elementor-element-124b149b elementor-widget elementor-widget-text-editor\" data-id=\"124b149b\" data-element_type=\"widget\" data-e-type=\"widget\" data-widget_type=\"text-editor.default\">\n\t\t\t\t<div class=\"elementor-widget-container\">\n\t\t\t\t\t\t\t\t\t<p style=\"text-align: center;\"><a href=\"https:\/\/summerhillschool.edu.co\/wp-content\/uploads\/unidades\/4primero\/ARTE-1.pdf\"><strong><span style=\"font-family: 'Trebuchet MS', Geneva;\">ARTE<\/span><\/strong><\/a><\/p><p style=\"text-align: center;\"><a href=\"https:\/\/summerhillschool.edu.co\/wp-content\/uploads\/unidades\/4primero\/COMPRENSION LECTORA- PRIMERO.pdf\" data-wplink-url-error=\"true\"><strong><span style=\"font-family: 'Trebuchet MS', Geneva;\">COMPRENSI\u00d3N LECTORA<\/span><\/strong><\/a><\/p><p style=\"text-align: center;\"><a href=\"https:\/\/summerhillschool.edu.co\/wp-content\/uploads\/unidades\/4primero\/COMPETENCIAS CIUDADANAS - PRIMERO.pdf\" data-wplink-url-error=\"true\"><strong><span style=\"font-family: 'Trebuchet MS', Geneva;\">COMPETENCIAS CIUDADANAS<\/span><\/strong><\/a><\/p><p style=\"text-align: center;\"><a href=\"https:\/\/summerhillschool.edu.co\/wp-content\/uploads\/unidades\/4primero\/DANZAS- PRIMERO.pdf\" data-wplink-url-error=\"true\"><strong><span style=\"font-family: 'Trebuchet MS', Geneva;\">DANZAS<\/span><\/strong><\/a><\/p><p style=\"text-align: center;\"><a href=\"https:\/\/summerhillschool.edu.co\/wp-content\/uploads\/unidades\/4primero\/ED. FISICA- Primero.pdf\" data-wplink-url-error=\"true\"><strong><span style=\"font-family: 'Trebuchet MS', Geneva;\">ED F\u00cdSICA<\/span><\/strong><\/a><\/p><p style=\"text-align: center;\"><a href=\"https:\/\/summerhillschool.edu.co\/wp-content\/uploads\/unidades\/4primero\/ENGLISH -FIRST.pdf\" data-wplink-url-error=\"true\"><strong><span style=\"font-family: 'Trebuchet MS', Geneva;\">ENGLISH<\/span><\/strong><\/a><\/p><p style=\"text-align: center;\"><a href=\"https:\/\/summerhillschool.edu.co\/wp-content\/uploads\/unidades\/4primero\/INFORMATICA- Primero.pdf\" data-wplink-url-error=\"true\"><strong><span style=\"font-family: 'Trebuchet MS', Geneva;\">INFORM\u00c1TICA<\/span><\/strong><\/a><\/p><p style=\"text-align: center;\"><a href=\"https:\/\/summerhillschool.edu.co\/wp-content\/uploads\/unidades\/4primero\/LENGUA CASTELLANA- PRIMERO.pdf\" data-wplink-url-error=\"true\"><strong><span style=\"font-family: 'Trebuchet MS', Geneva;\">ESPA\u00d1OL<\/span><\/strong><\/a><\/p><p style=\"text-align: center;\"><a href=\"https:\/\/summerhillschool.edu.co\/wp-content\/uploads\/unidades\/4primero\/MATH- FIRST.pdf\" data-wplink-url-error=\"true\"><strong><span style=\"font-family: 'Trebuchet MS', Geneva;\">MATH<\/span><\/strong><\/a><\/p><p style=\"text-align: center;\"><a href=\"https:\/\/summerhillschool.edu.co\/wp-content\/uploads\/unidades\/4primero\/MUSICA-PRIMERO.pdf\"><strong><span style=\"font-family: 'Trebuchet MS', Geneva;\">M\u00daSICA<\/span><\/strong><\/a><\/p><p style=\"text-align: center;\"><a href=\"https:\/\/summerhillschool.edu.co\/wp-content\/uploads\/unidades\/4primero\/PDH- Primero.pdf\" data-wplink-url-error=\"true\"><strong><span style=\"font-family: 'Trebuchet MS', Geneva;\">PDH<\/span><\/strong><\/a><\/p><p style=\"text-align: center;\"><a href=\"https:\/\/summerhillschool.edu.co\/wp-content\/uploads\/unidades\/4primero\/SCIENCE-%20PRIMERO.pdf\"><strong><span style=\"font-family: 'Trebuchet MS', Geneva;\">SCIENCE<\/span><\/strong><\/a><\/p><p style=\"text-align: center;\"><a href=\"https:\/\/summerhillschool.edu.co\/wp-content\/uploads\/unidades\/4primero\/SOCIAL STUDIES- PRIMERO.pdf\" data-wplink-url-error=\"true\"><strong><span style=\"font-family: 'Trebuchet MS', Geneva;\">SOCIAL STUDIES<\/span><\/strong><\/a><\/p><p style=\"text-align: center;\"><a href=\"https:\/\/summerhillschool.edu.co\/wp-content\/uploads\/unidades\/4primero\/SPEAKING.pdf\"><span style=\"font-family: 'Trebuchet MS', Geneva;\"><b>SPEAKING LAB<\/b><\/span><\/a><\/p><p style=\"text-align: center;\"><a href=\"https:\/\/summerhillschool.edu.co\/wp-content\/uploads\/unidades\/4primero\/FRANCES.pdf\"><span style=\"font-family: 'Trebuchet MS', Geneva;\"><b>FRANC\u00c9S<\/b><\/span><\/a><\/p>\t\t\t\t\t\t\t\t<\/div>\n\t\t\t\t<\/div>\n\t\t\t\t\t<\/div>\n\t\t<\/div>\n\t\t\t\t\t<\/div>\n\t\t<\/section>\n\t\t\t\t<\/div>\n\t\t","protected":false},"excerpt":{"rendered":"<p>ARTE COMPRENSI\u00d3N LECTORA COMPETENCIAS CIUDADANAS DANZAS ED F\u00cdSICA ENGLISH INFORM\u00c1TICA ESPA\u00d1OL MATH M\u00daSICA PDH SCIENCE SOCIAL STUDIES SPEAKING LAB FRANC\u00c9S<\/p>\n","protected":false},"author":5,"featured_media":0,"parent":0,"menu_order":0,"comment_status":"closed","ping_status":"closed","template":"page-templates\/fullwidth-template.php","meta":{"footnotes":""},"class_list":["post-3435","page","type-page","status-publish","hentry"],"_links":{"self":[{"href":"https:\/\/summerhillschool.edu.co\/index.php\/wp-json\/wp\/v2\/pages\/3435","targetHints":{"allow":["GET"]}}],"collection":[{"href":"https:\/\/summerhillschool.edu.co\/index.php\/wp-json\/wp\/v2\/pages"}],"about":[{"href":"https:\/\/summerhillschool.edu.co\/index.php\/wp-json\/wp\/v2\/types\/page"}],"author":[{"embeddable":true,"href":"https:\/\/summerhillschool.edu.co\/index.php\/wp-json\/wp\/v2\/users\/5"}],"replies":[{"embeddable":true,"href":"https:\/\/summerhillschool.edu.co\/index.php\/wp-json\/wp\/v2\/comments?post=3435"}],"version-history":[{"count":0,"href":"https:\/\/summerhillschool.edu.co\/index.php\/wp-json\/wp\/v2\/pages\/3435\/revisions"}],"wp:attachment":[{"href":"https:\/\/summerhillschool.edu.co\/index.php\/wp-json\/wp\/v2\/media?parent=3435"}],"curies":[{"name":"wp","href":"https:\/\/api.w.org\/{rel}","templated":true}]}}