{"id":3417,"date":"2021-05-19T16:58:21","date_gmt":"2021-05-19T16:58:21","guid":{"rendered":"https:\/\/web2.summerhillschool.edu.co\/?page_id=3417"},"modified":"2025-10-28T11:59:36","modified_gmt":"2025-10-28T16:59:36","slug":"kinder","status":"publish","type":"page","link":"https:\/\/summerhillschool.edu.co\/index.php\/kinder\/","title":{"rendered":"K\u00ednder"},"content":{"rendered":"\t\t<div data-elementor-type=\"wp-page\" data-elementor-id=\"3417\" class=\"elementor elementor-3417\" data-elementor-post-type=\"page\">\n\t\t\t\t\t\t<section class=\"elementor-section elementor-top-section elementor-element elementor-element-41c192dd elementor-section-boxed elementor-section-height-default elementor-section-height-default\" data-id=\"41c192dd\" data-element_type=\"section\" data-e-type=\"section\">\n\t\t\t\t\t\t<div class=\"elementor-container elementor-column-gap-default\">\n\t\t\t\t\t<div class=\"elementor-column elementor-col-100 elementor-top-column elementor-element elementor-element-71a9fa66\" data-id=\"71a9fa66\" data-element_type=\"column\" data-e-type=\"column\">\n\t\t\t<div class=\"elementor-widget-wrap elementor-element-populated\">\n\t\t\t\t\t\t<div class=\"elementor-element elementor-element-52d1882e elementor-widget elementor-widget-text-editor\" data-id=\"52d1882e\" data-element_type=\"widget\" data-e-type=\"widget\" data-widget_type=\"text-editor.default\">\n\t\t\t\t<div class=\"elementor-widget-container\">\n\t\t\t\t\t\t\t\t\t<p style=\"text-align: center;\"><strong><a href=\"https:\/\/summerhillschool.edu.co\/wp-content\/uploads\/unidades\/2kinder\/ARTE -K.pdf\" data-wplink-url-error=\"true\"><span style=\"font-family: 'Trebuchet MS', Geneva;\">ARTE<\/span><\/a><\/strong><\/p><p style=\"text-align: center;\"><strong><a href=\"https:\/\/summerhillschool.edu.co\/wp-content\/uploads\/unidades\/2kinder\/ORALIDAD- KINDER.pdf\" data-wplink-url-error=\"true\"><span style=\"font-family: 'Trebuchet MS', Geneva;\">ORALIDAD<\/span><\/a><\/strong><\/p><p style=\"text-align: center;\"><strong><a href=\"https:\/\/summerhillschool.edu.co\/wp-content\/uploads\/unidades\/2kinder\/DANZAS- K.pdf\" data-wplink-url-error=\"true\"><span style=\"font-family: 'Trebuchet MS', Geneva;\">DANZA<\/span><\/a><\/strong><\/p><p style=\"text-align: center;\"><strong><a href=\"https:\/\/summerhillschool.edu.co\/wp-content\/uploads\/unidades\/2kinder\/ED. FISICA- K.pdf\" data-wplink-url-error=\"true\"><span style=\"font-family: 'Trebuchet MS', Geneva;\">ED-F\u00cdSICA<\/span><\/a><\/strong><\/p><p style=\"text-align: center;\"><strong><a href=\"https:\/\/summerhillschool.edu.co\/wp-content\/uploads\/unidades\/2kinder\/ENGLISH-K.pdf\"><span style=\"font-family: 'Trebuchet MS', Geneva;\">ENGLISH<\/span><\/a><\/strong><\/p><p style=\"text-align: center;\"><strong><a href=\"https:\/\/summerhillschool.edu.co\/wp-content\/uploads\/unidades\/2kinder\/INFORMATICA- K.pdf\" data-wplink-url-error=\"true\"><span style=\"font-family: 'Trebuchet MS', Geneva;\">INFORM\u00c1TICA<\/span><\/a><\/strong><\/p><p style=\"text-align: center;\"><strong><a href=\"https:\/\/summerhillschool.edu.co\/wp-content\/uploads\/unidades\/2kinder\/LENGUAJE- K.pdf\" data-wplink-url-error=\"true\"><span style=\"font-family: 'Trebuchet MS', Geneva;\">ESPA\u00d1OL<\/span><\/a><\/strong><\/p><p style=\"text-align: center;\"><strong><a href=\"https:\/\/summerhillschool.edu.co\/wp-content\/uploads\/unidades\/2kinder\/MATH- KINDER.pdf\" data-wplink-url-error=\"true\"><span style=\"font-family: 'Trebuchet MS', Geneva;\">MATH<\/span><\/a><\/strong><\/p><p style=\"text-align: center;\"><strong><a href=\"https:\/\/summerhillschool.edu.co\/wp-content\/uploads\/unidades\/2kinder\/MUSICA- KINDER.pdf\" data-wplink-url-error=\"true\"><span style=\"font-family: 'Trebuchet MS', Geneva;\">M\u00daSICA<\/span><\/a><\/strong><\/p><p style=\"text-align: center;\"><strong><a href=\"https:\/\/summerhillschool.edu.co\/wp-content\/uploads\/unidades\/2kinder\/PDH - K.pdf\" data-wplink-url-error=\"true\"><span style=\"font-family: 'Trebuchet MS', Geneva;\">PDH<\/span><\/a><\/strong><\/p><p style=\"text-align: center;\"><strong><a href=\"https:\/\/summerhillschool.edu.co\/wp-content\/uploads\/unidades\/2kinder\/SCIENCE AND SOCIAL STUDIES- KINDER.pdf\" data-wplink-url-error=\"true\"><span style=\"font-family: 'Trebuchet MS', Geneva;\">SCIENCE-AND-SOCIAL-STUDIES<\/span><\/a><\/strong><\/p><p style=\"text-align: center;\"><strong><a href=\"https:\/\/summerhillschool.edu.co\/wp-content\/uploads\/unidades\/2kinder\/STORY TIME -K.pdf\" data-wplink-url-error=\"true\"><span style=\"font-family: 'Trebuchet MS', Geneva;\">STORY-TELLING<\/span><\/a><\/strong><\/p><p style=\"text-align: center;\"><strong><a href=\"https:\/\/summerhillschool.edu.co\/wp-content\/uploads\/unidades\/2kinder\/FRANCES.pdf\">FRANC\u00c9S<\/a><\/strong><\/p>\t\t\t\t\t\t\t\t<\/div>\n\t\t\t\t<\/div>\n\t\t\t\t\t<\/div>\n\t\t<\/div>\n\t\t\t\t\t<\/div>\n\t\t<\/section>\n\t\t\t\t<\/div>\n\t\t","protected":false},"excerpt":{"rendered":"<p>ARTE ORALIDAD DANZA ED-F\u00cdSICA ENGLISH INFORM\u00c1TICA ESPA\u00d1OL MATH M\u00daSICA PDH SCIENCE-AND-SOCIAL-STUDIES STORY-TELLING FRANC\u00c9S<\/p>\n","protected":false},"author":5,"featured_media":0,"parent":0,"menu_order":0,"comment_status":"closed","ping_status":"closed","template":"page-templates\/fullwidth-template.php","meta":{"footnotes":""},"class_list":["post-3417","page","type-page","status-publish","hentry"],"_links":{"self":[{"href":"https:\/\/summerhillschool.edu.co\/index.php\/wp-json\/wp\/v2\/pages\/3417","targetHints":{"allow":["GET"]}}],"collection":[{"href":"https:\/\/summerhillschool.edu.co\/index.php\/wp-json\/wp\/v2\/pages"}],"about":[{"href":"https:\/\/summerhillschool.edu.co\/index.php\/wp-json\/wp\/v2\/types\/page"}],"author":[{"embeddable":true,"href":"https:\/\/summerhillschool.edu.co\/index.php\/wp-json\/wp\/v2\/users\/5"}],"replies":[{"embeddable":true,"href":"https:\/\/summerhillschool.edu.co\/index.php\/wp-json\/wp\/v2\/comments?post=3417"}],"version-history":[{"count":0,"href":"https:\/\/summerhillschool.edu.co\/index.php\/wp-json\/wp\/v2\/pages\/3417\/revisions"}],"wp:attachment":[{"href":"https:\/\/summerhillschool.edu.co\/index.php\/wp-json\/wp\/v2\/media?parent=3417"}],"curies":[{"name":"wp","href":"https:\/\/api.w.org\/{rel}","templated":true}]}}