{"id":3379,"date":"2021-05-10T19:29:54","date_gmt":"2021-05-10T19:29:54","guid":{"rendered":"https:\/\/web2.summerhillschool.edu.co\/?page_id=3379"},"modified":"2025-10-28T11:57:46","modified_gmt":"2025-10-28T16:57:46","slug":"pre-kinder","status":"publish","type":"page","link":"https:\/\/summerhillschool.edu.co\/index.php\/pre-kinder\/","title":{"rendered":"Pre &#8211; K\u00ednder"},"content":{"rendered":"\t\t<div data-elementor-type=\"wp-page\" data-elementor-id=\"3379\" class=\"elementor elementor-3379\" data-elementor-post-type=\"page\">\n\t\t\t\t\t\t<section class=\"elementor-section elementor-top-section elementor-element elementor-element-5dde790e elementor-section-full_width elementor-section-height-default elementor-section-height-default\" data-id=\"5dde790e\" data-element_type=\"section\" data-e-type=\"section\" data-settings=\"{&quot;background_background&quot;:&quot;classic&quot;}\">\n\t\t\t\t\t\t<div class=\"elementor-container elementor-column-gap-default\">\n\t\t\t\t\t<div class=\"elementor-column elementor-col-100 elementor-top-column elementor-element elementor-element-37813db4\" data-id=\"37813db4\" data-element_type=\"column\" data-e-type=\"column\">\n\t\t\t<div class=\"elementor-widget-wrap elementor-element-populated\">\n\t\t\t\t\t\t<div class=\"elementor-element elementor-element-278c083 elementor-widget elementor-widget-spacer\" data-id=\"278c083\" data-element_type=\"widget\" data-e-type=\"widget\" data-widget_type=\"spacer.default\">\n\t\t\t\t<div class=\"elementor-widget-container\">\n\t\t\t\t\t\t\t<div class=\"elementor-spacer\">\n\t\t\t<div class=\"elementor-spacer-inner\"><\/div>\n\t\t<\/div>\n\t\t\t\t\t\t<\/div>\n\t\t\t\t<\/div>\n\t\t\t\t<div class=\"elementor-element elementor-element-2b55bd99 elementor-widget elementor-widget-text-editor\" data-id=\"2b55bd99\" data-element_type=\"widget\" data-e-type=\"widget\" data-widget_type=\"text-editor.default\">\n\t\t\t\t<div class=\"elementor-widget-container\">\n\t\t\t\t\t\t\t\t\t<p style=\"text-align: center;\"><strong><a href=\"https:\/\/summerhillschool.edu.co\/wp-content\/uploads\/unidades\/1prekinder\/ARTE- PK.pdf\"><span style=\"font-family: 'Trebuchet MS', Geneva;\">ARTE<\/span><\/a><\/strong><\/p><p style=\"text-align: center;\"><strong><a href=\"https:\/\/summerhillschool.edu.co\/wp-content\/uploads\/unidades\/1prekinder\/CIENCIAS SOCIALES- PK.pdf\"><span style=\"font-family: 'Trebuchet MS', Geneva;\">CIENCIAS-SOCIALES<\/span><\/a><\/strong><\/p><p style=\"text-align: center;\"><strong><a href=\"https:\/\/summerhillschool.edu.co\/wp-content\/uploads\/unidades\/1prekinder\/DANZAS-PK.pdf\"><span style=\"font-family: 'Trebuchet MS', Geneva;\">DANZA<\/span><\/a><\/strong><\/p><p style=\"text-align: center;\"><strong><a href=\"https:\/\/summerhillschool.edu.co\/wp-content\/uploads\/unidades\/1prekinder\/ED. FISICA-PK.pdf\"><span style=\"font-family: 'Trebuchet MS', Geneva;\">ED-F\u00cdSICA<\/span><\/a><\/strong><\/p><p style=\"text-align: center;\"><strong><a href=\"https:\/\/summerhillschool.edu.co\/wp-content\/uploads\/unidades\/1prekinder\/ENGLISH- PK.pdf\"><span style=\"font-family: 'Trebuchet MS', Geneva;\">ENGLISH<\/span><\/a><\/strong><\/p><p style=\"text-align: center;\"><a href=\"https:\/\/summerhillschool.edu.co\/wp-content\/uploads\/unidades\/1prekinder\/INFORMATICA-PK.pdf\"><span style=\"font-family: 'Trebuchet MS', Geneva;\"><b>INFORM\u00c1TICA<\/b><\/span><\/a><\/p><p style=\"text-align: center;\"><strong><a href=\"https:\/\/summerhillschool.edu.co\/wp-content\/uploads\/unidades\/1prekinder\/LENGUAJE-PK.pdf\"><span style=\"font-family: 'Trebuchet MS', Geneva;\">ESPA\u00d1OL<\/span><\/a><\/strong><\/p><p style=\"text-align: center;\"><a href=\"https:\/\/summerhillschool.edu.co\/wp-content\/uploads\/unidades\/1prekinder\/MATEMATICAS- PK.pdf\" data-wplink-url-error=\"true\"><span style=\"font-family: 'Trebuchet MS', Geneva;\"><b>MATEM\u00c1TICAS<\/b><\/span><\/a><\/p><p style=\"text-align: center;\"><a href=\"https:\/\/summerhillschool.edu.co\/wp-content\/uploads\/unidades\/1prekinder\/MUSICA- PREKINDER.pdf\" data-wplink-url-error=\"true\"><span style=\"font-family: 'Trebuchet MS', Geneva;\"><b>M\u00daSICA<\/b><\/span><\/a><\/p><p style=\"text-align: center;\"><strong><a href=\"https:\/\/summerhillschool.edu.co\/wp-content\/uploads\/unidades\/1prekinder\/ORALIDAD- PK.pdf\" data-wplink-url-error=\"true\"><span style=\"font-family: 'Trebuchet MS', Geneva;\">ORALIDAD<\/span><\/a><\/strong><\/p><p style=\"text-align: center;\"><strong><a href=\"https:\/\/summerhillschool.edu.co\/wp-content\/uploads\/unidades\/1prekinder\/PDH -PK.pdf\"><span style=\"font-family: 'Trebuchet MS', Geneva;\">PDH<\/span><\/a><\/strong><\/p><p style=\"text-align: center;\"><strong><a href=\"https:\/\/summerhillschool.edu.co\/wp-content\/uploads\/unidades\/1prekinder\/STORY TIME- PK.pdf\"><span style=\"font-family: 'Trebuchet MS', Geneva;\">STORY TELLING<\/span><\/a><\/strong><\/p><p style=\"text-align: center;\"><strong><a href=\"https:\/\/summerhillschool.edu.co\/wp-content\/uploads\/unidades\/1prekinder\/FRANCES.pdf\"><span style=\"font-family: 'Trebuchet MS', Geneva;\">FRANC\u00c9S<\/span><\/a><\/strong><\/p>\t\t\t\t\t\t\t\t<\/div>\n\t\t\t\t<\/div>\n\t\t\t\t\t<\/div>\n\t\t<\/div>\n\t\t\t\t\t<\/div>\n\t\t<\/section>\n\t\t\t\t<\/div>\n\t\t","protected":false},"excerpt":{"rendered":"<p>ARTE CIENCIAS-SOCIALES DANZA ED-F\u00cdSICA ENGLISH INFORM\u00c1TICA ESPA\u00d1OL MATEM\u00c1TICAS M\u00daSICA ORALIDAD PDH STORY TELLING FRANC\u00c9S<\/p>\n","protected":false},"author":5,"featured_media":0,"parent":0,"menu_order":0,"comment_status":"closed","ping_status":"closed","template":"page-templates\/fullwidth-template.php","meta":{"footnotes":""},"class_list":["post-3379","page","type-page","status-publish","hentry"],"_links":{"self":[{"href":"https:\/\/summerhillschool.edu.co\/index.php\/wp-json\/wp\/v2\/pages\/3379","targetHints":{"allow":["GET"]}}],"collection":[{"href":"https:\/\/summerhillschool.edu.co\/index.php\/wp-json\/wp\/v2\/pages"}],"about":[{"href":"https:\/\/summerhillschool.edu.co\/index.php\/wp-json\/wp\/v2\/types\/page"}],"author":[{"embeddable":true,"href":"https:\/\/summerhillschool.edu.co\/index.php\/wp-json\/wp\/v2\/users\/5"}],"replies":[{"embeddable":true,"href":"https:\/\/summerhillschool.edu.co\/index.php\/wp-json\/wp\/v2\/comments?post=3379"}],"version-history":[{"count":0,"href":"https:\/\/summerhillschool.edu.co\/index.php\/wp-json\/wp\/v2\/pages\/3379\/revisions"}],"wp:attachment":[{"href":"https:\/\/summerhillschool.edu.co\/index.php\/wp-json\/wp\/v2\/media?parent=3379"}],"curies":[{"name":"wp","href":"https:\/\/api.w.org\/{rel}","templated":true}]}}