{"id":3203,"date":"2021-05-07T20:23:56","date_gmt":"2021-05-07T20:23:56","guid":{"rendered":"https:\/\/web2.summerhillschool.edu.co\/?page_id=3203"},"modified":"2025-02-28T10:51:27","modified_gmt":"2025-02-28T15:51:27","slug":"historia","status":"publish","type":"page","link":"https:\/\/summerhillschool.edu.co\/index.php\/historia\/","title":{"rendered":"Historia"},"content":{"rendered":"\t\t<div data-elementor-type=\"wp-page\" data-elementor-id=\"3203\" class=\"elementor elementor-3203\" data-elementor-post-type=\"page\">\n\t\t\t\t\t\t<section class=\"elementor-section elementor-top-section elementor-element elementor-element-313dd33f elementor-section-boxed elementor-section-height-default elementor-section-height-default\" data-id=\"313dd33f\" data-element_type=\"section\" data-e-type=\"section\">\n\t\t\t\t\t\t<div class=\"elementor-container elementor-column-gap-default\">\n\t\t\t\t\t<div class=\"elementor-column elementor-col-100 elementor-top-column elementor-element elementor-element-12173300\" data-id=\"12173300\" data-element_type=\"column\" data-e-type=\"column\">\n\t\t\t<div class=\"elementor-widget-wrap elementor-element-populated\">\n\t\t\t\t\t\t<div class=\"elementor-element elementor-element-094d711 elementor-widget elementor-widget-spacer\" data-id=\"094d711\" data-element_type=\"widget\" data-e-type=\"widget\" data-widget_type=\"spacer.default\">\n\t\t\t\t<div class=\"elementor-widget-container\">\n\t\t\t\t\t\t\t<div class=\"elementor-spacer\">\n\t\t\t<div class=\"elementor-spacer-inner\"><\/div>\n\t\t<\/div>\n\t\t\t\t\t\t<\/div>\n\t\t\t\t<\/div>\n\t\t\t\t<div class=\"elementor-element elementor-element-1b0dfd0 elementor-headline--style-highlight elementor-widget elementor-widget-animated-headline\" data-id=\"1b0dfd0\" data-element_type=\"widget\" data-e-type=\"widget\" data-settings=\"{&quot;highlighted_text&quot;:&quot;historia&quot;,&quot;headline_style&quot;:&quot;highlight&quot;,&quot;marker&quot;:&quot;circle&quot;,&quot;loop&quot;:&quot;yes&quot;,&quot;highlight_animation_duration&quot;:1200,&quot;highlight_iteration_delay&quot;:8000}\" data-widget_type=\"animated-headline.default\">\n\t\t\t\t<div class=\"elementor-widget-container\">\n\t\t\t\t\t\t\t<h3 class=\"elementor-headline\">\n\t\t\t\t<span class=\"elementor-headline-dynamic-wrapper elementor-headline-text-wrapper\">\n\t\t\t\t\t<span class=\"elementor-headline-dynamic-text elementor-headline-text-active\">historia<\/span>\n\t\t\t\t<\/span>\n\t\t\t\t<\/h3>\n\t\t\t\t\t\t<\/div>\n\t\t\t\t<\/div>\n\t\t\t\t<div class=\"elementor-element elementor-element-1da9a9a9 elementor-widget elementor-widget-text-editor\" data-id=\"1da9a9a9\" data-element_type=\"widget\" data-e-type=\"widget\" data-widget_type=\"text-editor.default\">\n\t\t\t\t<div class=\"elementor-widget-container\">\n\t\t\t\t\t\t\t\t\t<p style=\"text-align: left;\"><span style=\"color: #000000; font-family: Verdana, Geneva; text-align: justify; font-weight: var( --e-global-typography-text-font-weight ); font-size: 1rem;\">Como proyecto de formaci\u00f3n y desarrollo humano, el colegio naci\u00f3 en 1986 en la ciudad de Bogot\u00e1. Lleva el nombre en honor a la escuela propuesta por Neill Summerhill fundada en 1921 en Leinston, Inglaterra y de ella retoma los principios b\u00e1sicos de amor a la vida, al mundo y al conocimiento.<\/span><\/p>\n<p style=\"text-align: justify;\"><span style=\"font-family: Verdana, Geneva; color: #000000;\">En el a\u00f1o 2000 se radica en su actual sede campestre e implementa su \u00e9nfasis biling\u00fce con el ingl\u00e9s. Su proyecto educativo propende por la construcci\u00f3n integral de personas visionarias de su propio proyecto de vida, exitosas y leales a sus principios, a trav\u00e9s de desempe\u00f1os desarrollados en las diferentes \u00e1reas estrat\u00e9gicas institucionales: La cultura formativa (valores), la cultura comunicativa (espa\u00f1ol-ingl\u00e9s-franc\u00e9s) y la cultura investigativa (Ense\u00f1anza para la comprensi\u00f3n y Pedagog\u00eda conceptual) en el cultivo de conocimientos cient\u00edficos, art\u00edsticos y literarios.<\/span><\/p>\n<p style=\"text-align: justify;\"><span style=\"font-family: Verdana, Geneva; color: #000000;\"><strong>Actualmente, el Colegio est\u00e1 organizado por niveles de la siguiente manera<\/strong>:<\/span><\/p>\n<p><span style=\"font-family: Verdana, Geneva;\"><em><strong><span style=\"color: #000000; font-size: 14pt;\">Nivel 1: Prek\u00ednder, K\u00ednder, Transici\u00f3n, Primero, Segundo<\/span><\/strong><\/em><\/span><\/p>\n<p><span style=\"font-family: Verdana, Geneva;\"><em><strong><span style=\"color: #000000; font-size: 14pt;\">Nivel 2: Tercero, Cuarto, Quinto<\/span><\/strong><\/em><\/span><\/p>\n<p><span style=\"font-family: Verdana, Geneva;\"><em><strong><span style=\"color: #000000; font-size: 14pt;\">Nivel 3:Sexto, S\u00e9ptimo.<\/span><\/strong><\/em><\/span><\/p>\n<p><span style=\"font-family: Verdana, Geneva;\"><em><strong><span style=\"color: #000000; font-size: 14pt;\">Nivel 4: Octavo, Noveno.<\/span><\/strong><\/em><\/span><\/p>\n<p><span style=\"font-family: Verdana, Geneva;\"><em><strong><span style=\"color: #000000; font-size: 14pt;\">Nivel 5: D\u00e9cimo, Und\u00e9cimo.<\/span><\/strong><\/em><\/span><\/p>\n<p style=\"text-align: justify;\"><span style=\"font-family: Verdana, Geneva; color: #000000;\">De esta manera, la atenci\u00f3n es integral y se exige una participaci\u00f3n activa de la familia, tanto en el seguimiento a los procesos como en las Escuelas para Padres.&nbsp;Conscientes de lo ambicioso de la propuesta, hacemos una delicada selecci\u00f3n docente y perfilamos a los maestros a trav\u00e9s de exhaustivos programas de profesionalizaci\u00f3n.<\/span><\/p>\n<p style=\"text-align: justify;\"><span style=\"font-family: Verdana, Geneva; color: #000000;\">Hemos graduado dieciocho Promociones de Bachilleres en los a\u00f1os 2007, 2008, 2009, 2010, 2011, 2012, 2013, 2014, 2015, 2016, 2017, 2018, 2019, 2020,2021,2022, 2023, 2024; ubic\u00e1ndonos siempre en el nivel Muy Superior (A+) en las pruebas SABER 11\u00b0<\/span><\/p>\t\t\t\t\t\t\t\t<\/div>\n\t\t\t\t<\/div>\n\t\t\t\t\t<\/div>\n\t\t<\/div>\n\t\t\t\t\t<\/div>\n\t\t<\/section>\n\t\t\t\t<\/div>\n\t\t","protected":false},"excerpt":{"rendered":"<p>historia Como proyecto de formaci\u00f3n y desarrollo humano, el colegio naci\u00f3 en 1986 en la ciudad de Bogot\u00e1. Lleva el nombre en honor a la escuela propuesta por Neill Summerhill fundada en 1921 en Leinston, Inglaterra y de ella retoma los principios b\u00e1sicos de amor a la vida, al mundo y al conocimiento. En el<a class=\"more-link\" href=\"https:\/\/summerhillschool.edu.co\/index.php\/historia\/\">Continue reading <span class=\"screen-reader-text\">Historia<\/span> <span class=\"meta-nav\" aria-hidden=\"true\">&rarr;<\/span><\/a><\/p>\n","protected":false},"author":5,"featured_media":0,"parent":0,"menu_order":0,"comment_status":"closed","ping_status":"closed","template":"elementor_header_footer","meta":{"footnotes":""},"class_list":["post-3203","page","type-page","status-publish","hentry"],"_links":{"self":[{"href":"https:\/\/summerhillschool.edu.co\/index.php\/wp-json\/wp\/v2\/pages\/3203","targetHints":{"allow":["GET"]}}],"collection":[{"href":"https:\/\/summerhillschool.edu.co\/index.php\/wp-json\/wp\/v2\/pages"}],"about":[{"href":"https:\/\/summerhillschool.edu.co\/index.php\/wp-json\/wp\/v2\/types\/page"}],"author":[{"embeddable":true,"href":"https:\/\/summerhillschool.edu.co\/index.php\/wp-json\/wp\/v2\/users\/5"}],"replies":[{"embeddable":true,"href":"https:\/\/summerhillschool.edu.co\/index.php\/wp-json\/wp\/v2\/comments?post=3203"}],"version-history":[{"count":0,"href":"https:\/\/summerhillschool.edu.co\/index.php\/wp-json\/wp\/v2\/pages\/3203\/revisions"}],"wp:attachment":[{"href":"https:\/\/summerhillschool.edu.co\/index.php\/wp-json\/wp\/v2\/media?parent=3203"}],"curies":[{"name":"wp","href":"https:\/\/api.w.org\/{rel}","templated":true}]}}