{"id":2980,"date":"2021-05-02T23:00:16","date_gmt":"2021-05-02T23:00:16","guid":{"rendered":"https:\/\/web2.summerhillschool.edu.co\/?page_id=2980"},"modified":"2021-05-09T22:14:16","modified_gmt":"2021-05-09T22:14:16","slug":"lenguas-extranjeras","status":"publish","type":"page","link":"https:\/\/summerhillschool.edu.co\/index.php\/lenguas-extranjeras\/","title":{"rendered":"Lenguas Extranjeras"},"content":{"rendered":"\r\n<h2 class=\"wp-block-heading\" style=\"text-align: center;\"><span style=\"font-family: 'Trebuchet MS', Geneva;\"><strong>PROYECTO TRILING\u00dcE (Espa\u00f1ol \u2013 Ingl\u00e9s \u2013 Franc\u00e9s)<\/strong><\/span><\/h2>\r\n<span style=\"font-family: 'Trebuchet MS', Geneva;\"><\/span>\r\n\r\n<span style=\"font-family: 'Trebuchet MS', Geneva;\"><\/span>\r\n<p style=\"text-align: justify;\"><span style=\"font-family: 'Trebuchet MS', Geneva;\">La Instituci\u00f3n tiene un \u00c1rea de Lenguas Extranjeras que orienta la ense\u00f1anza del ingl\u00e9s y franc\u00e9s.<\/span><\/p>\r\n<span style=\"font-family: 'Trebuchet MS', Geneva;\"><\/span>\r\n\r\n<span style=\"font-family: 'Trebuchet MS', Geneva;\"><\/span>\r\n<p style=\"text-align: justify;\"><span style=\"font-family: 'Trebuchet MS', Geneva;\">El proyecto de Ingl\u00e9s est\u00e1 direccionado en forma organizada y consistente en el tiempo, desde preescolar hasta grado und\u00e9cimo cuyo prop\u00f3sito radica en proveer a nuestros (as) estudiantes herramientas pedag\u00f3gicas para la adquisici\u00f3n del ingl\u00e9s como lengua extranjera.<\/span><\/p>\r\n<span style=\"font-family: 'Trebuchet MS', Geneva;\"><\/span>\r\n\r\n<span style=\"font-family: 'Trebuchet MS', Geneva;\"><\/span>\r\n<p style=\"text-align: justify;\"><span style=\"font-family: 'Trebuchet MS', Geneva;\">Este proyecto posee un enfoque comunicativo con metas claras y estrategias propias para cada etapa as\u00ed:<\/span><\/p>\r\n<span style=\"font-family: 'Trebuchet MS', Geneva;\"><\/span>\r\n\r\n<span style=\"font-family: 'Trebuchet MS', Geneva;\"><\/span>\r\n<ul class=\"wp-block-list\" style=\"text-align: justify;\">\r\n \t<li><span style=\"font-family: 'Trebuchet MS', Geneva;\">Adquisici\u00f3n del idioma (Pre-k\u00ednder a Sexto)<\/span><\/li>\r\n \t<li><span style=\"font-family: 'Trebuchet MS', Geneva;\">Afianzamiento del idioma (S\u00e9ptimo a Und\u00e9cimo)<\/span><\/li>\r\n<\/ul>\r\n<span style=\"font-family: 'Trebuchet MS', Geneva;\"><\/span>\r\n\r\n<span style=\"font-family: 'Trebuchet MS', Geneva;\"><\/span>\r\n<p style=\"text-align: justify;\"><span style=\"font-family: 'Trebuchet MS', Geneva;\">Dicho Proyecto, recibi\u00f3 la Certificaci\u00f3n Internacional de la UNIVERSIDAD DE CAMBRIDGE la cual le permite a nuestros ni\u00f1os, ni\u00f1as y j\u00f3venes acceder en forma secuencial a las pruebas certificadas de STARTES, MOVERS, KET, PET y FCE que aplica el BRITISH COUNCIL COLOMBIA y que nos orienta para hacer un acompa\u00f1amiento real al proceso de formaci\u00f3n.<\/span><\/p>\r\n<span style=\"font-family: 'Trebuchet MS', Geneva;\"><\/span>\r\n\r\n<span style=\"font-family: 'Trebuchet MS', Geneva;\"><\/span>\r\n<p style=\"text-align: justify;\"><span style=\"font-family: 'Trebuchet MS', Geneva;\">Este reconocimiento ubica a la Instituci\u00f3n como un CAMBRIDGE ENGLISH SCHOOL al igual que otras instituciones educativas en Am\u00e9rica del Sur y en el resto del mundo.<\/span><\/p>\r\n<span style=\"font-family: 'Trebuchet MS', Geneva;\"><\/span>\r\n\r\n<span style=\"font-family: 'Trebuchet MS', Geneva;\"><\/span>\r\n<p style=\"text-align: justify;\"><span style=\"font-family: 'Trebuchet MS', Geneva;\">Nuestro proyecto fue galardonado en el a\u00f1o 2014 con el \u201c<em>Status de Alto Prestigio\u201d <\/em>para centros de preparaci\u00f3n a nivel mundial otorgado por la UNIVERSIDAD DE CAMBRIDGE.<\/span><\/p>\r\n<span style=\"font-family: 'Trebuchet MS', Geneva;\"><\/span>\r\n\r\n<span style=\"font-family: 'Trebuchet MS', Geneva;\"><\/span>\r\n<p style=\"text-align: justify;\"><span style=\"font-family: 'Trebuchet MS', Geneva;\">Incursionamos en la ense\u00f1anza del franc\u00e9s como lengua extranjera convencidos que contribuir\u00e1 a ampliar el espectro de la formaci\u00f3n humana y profesional de nuestros estudiantes en raz\u00f3n al sin n\u00famero de oportunidades que ha consolidado la comunidad franc\u00f3fona en el mundo y las buenas relaciones que tiene nuestro pa\u00eds con el pa\u00eds galo.<\/span><\/p>","protected":false},"excerpt":{"rendered":"<p>PROYECTO TRILING\u00dcE (Espa\u00f1ol \u2013 Ingl\u00e9s \u2013 Franc\u00e9s) La Instituci\u00f3n tiene un \u00c1rea de Lenguas Extranjeras que orienta la ense\u00f1anza del ingl\u00e9s y franc\u00e9s. El proyecto de Ingl\u00e9s est\u00e1 direccionado en forma organizada y consistente en el tiempo, desde preescolar hasta grado und\u00e9cimo cuyo prop\u00f3sito radica en proveer a nuestros (as) estudiantes herramientas pedag\u00f3gicas para la<a class=\"more-link\" href=\"https:\/\/summerhillschool.edu.co\/index.php\/lenguas-extranjeras\/\">Continue reading <span class=\"screen-reader-text\">Lenguas Extranjeras<\/span> <span class=\"meta-nav\" aria-hidden=\"true\">&rarr;<\/span><\/a><\/p>\n","protected":false},"author":5,"featured_media":0,"parent":0,"menu_order":0,"comment_status":"closed","ping_status":"closed","template":"","meta":{"footnotes":""},"class_list":["post-2980","page","type-page","status-publish","hentry"],"_links":{"self":[{"href":"https:\/\/summerhillschool.edu.co\/index.php\/wp-json\/wp\/v2\/pages\/2980","targetHints":{"allow":["GET"]}}],"collection":[{"href":"https:\/\/summerhillschool.edu.co\/index.php\/wp-json\/wp\/v2\/pages"}],"about":[{"href":"https:\/\/summerhillschool.edu.co\/index.php\/wp-json\/wp\/v2\/types\/page"}],"author":[{"embeddable":true,"href":"https:\/\/summerhillschool.edu.co\/index.php\/wp-json\/wp\/v2\/users\/5"}],"replies":[{"embeddable":true,"href":"https:\/\/summerhillschool.edu.co\/index.php\/wp-json\/wp\/v2\/comments?post=2980"}],"version-history":[{"count":0,"href":"https:\/\/summerhillschool.edu.co\/index.php\/wp-json\/wp\/v2\/pages\/2980\/revisions"}],"wp:attachment":[{"href":"https:\/\/summerhillschool.edu.co\/index.php\/wp-json\/wp\/v2\/media?parent=2980"}],"curies":[{"name":"wp","href":"https:\/\/api.w.org\/{rel}","templated":true}]}}