{"id":2594,"date":"2016-02-11T09:34:29","date_gmt":"2016-02-11T09:34:29","guid":{"rendered":"http:\/\/www.anarieldesign.com\/themedemos\/pena\/?page_id=109"},"modified":"2023-06-13T20:17:15","modified_gmt":"2023-06-14T01:17:15","slug":"perfil-estudiantil","status":"publish","type":"page","link":"https:\/\/summerhillschool.edu.co\/index.php\/perfil-estudiantil\/","title":{"rendered":"Perfil Estudiantil"},"content":{"rendered":"\t\t<div data-elementor-type=\"wp-page\" data-elementor-id=\"2594\" class=\"elementor elementor-2594\" data-elementor-post-type=\"page\">\n\t\t\t\t\t\t<section class=\"elementor-section elementor-top-section elementor-element elementor-element-5874aef0 elementor-section-boxed elementor-section-height-default elementor-section-height-default\" data-id=\"5874aef0\" data-element_type=\"section\" data-e-type=\"section\">\n\t\t\t\t\t\t<div class=\"elementor-container elementor-column-gap-default\">\n\t\t\t\t\t<div class=\"elementor-column elementor-col-100 elementor-top-column elementor-element elementor-element-66392ec7\" data-id=\"66392ec7\" data-element_type=\"column\" data-e-type=\"column\">\n\t\t\t<div class=\"elementor-widget-wrap elementor-element-populated\">\n\t\t\t\t\t\t<div class=\"elementor-element elementor-element-74f207a elementor-widget elementor-widget-spacer\" data-id=\"74f207a\" data-element_type=\"widget\" data-e-type=\"widget\" data-widget_type=\"spacer.default\">\n\t\t\t\t<div class=\"elementor-widget-container\">\n\t\t\t\t\t\t\t<div class=\"elementor-spacer\">\n\t\t\t<div class=\"elementor-spacer-inner\"><\/div>\n\t\t<\/div>\n\t\t\t\t\t\t<\/div>\n\t\t\t\t<\/div>\n\t\t\t\t<div class=\"elementor-element elementor-element-8fe9e70 elementor-headline--style-highlight elementor-widget elementor-widget-animated-headline\" data-id=\"8fe9e70\" data-element_type=\"widget\" data-e-type=\"widget\" data-settings=\"{&quot;highlighted_text&quot;:&quot;estudiante&quot;,&quot;headline_style&quot;:&quot;highlight&quot;,&quot;marker&quot;:&quot;circle&quot;,&quot;loop&quot;:&quot;yes&quot;,&quot;highlight_animation_duration&quot;:1200,&quot;highlight_iteration_delay&quot;:8000}\" data-widget_type=\"animated-headline.default\">\n\t\t\t\t<div class=\"elementor-widget-container\">\n\t\t\t\t\t\t\t<h3 class=\"elementor-headline\">\n\t\t\t\t\t<span class=\"elementor-headline-plain-text elementor-headline-text-wrapper\">perfil del<\/span>\n\t\t\t\t<span class=\"elementor-headline-dynamic-wrapper elementor-headline-text-wrapper\">\n\t\t\t\t\t<span class=\"elementor-headline-dynamic-text elementor-headline-text-active\">estudiante<\/span>\n\t\t\t\t<\/span>\n\t\t\t\t<\/h3>\n\t\t\t\t\t\t<\/div>\n\t\t\t\t<\/div>\n\t\t\t\t<div class=\"elementor-element elementor-element-34fe6ef elementor-widget elementor-widget-text-editor\" data-id=\"34fe6ef\" data-element_type=\"widget\" data-e-type=\"widget\" data-widget_type=\"text-editor.default\">\n\t\t\t\t<div class=\"elementor-widget-container\">\n\t\t\t\t\t\t\t\t\t<p style=\"text-align: justify;\"><span style=\"font-family: 'Trebuchet MS', Geneva; color: #000000;\">El estudiante <strong>SUMMERHILLISTA<\/strong> es una persona que equilibra la fortaleza de esp\u00edritu y la sensibilidad humana en la toma de decisiones, tiene un excelente nivel acad\u00e9mico, un gran sentido de responsabilidad social, una inmensa capacidad de liderazgo y una profunda apropiaci\u00f3n de los valores institucionales:<\/span><\/p><p style=\"text-align: center;\"><span style=\"color: #000000; font-size: 18pt;\"><strong><span style=\"font-family: 'Trebuchet MS', Geneva;\">AUTONOM\u00cdA, RESPETO, HONESTIDAD Y COMPROMISO<\/span><\/strong><\/span><\/p>\t\t\t\t\t\t\t\t<\/div>\n\t\t\t\t<\/div>\n\t\t\t\t\t<\/div>\n\t\t<\/div>\n\t\t\t\t\t<\/div>\n\t\t<\/section>\n\t\t\t\t<\/div>\n\t\t","protected":false},"excerpt":{"rendered":"<p>perfil del estudiante El estudiante SUMMERHILLISTA es una persona que equilibra la fortaleza de esp\u00edritu y la sensibilidad humana en la toma de decisiones, tiene un excelente nivel acad\u00e9mico, un gran sentido de responsabilidad social, una inmensa capacidad de liderazgo y una profunda apropiaci\u00f3n de los valores institucionales: AUTONOM\u00cdA, RESPETO, HONESTIDAD Y COMPROMISO<\/p>\n","protected":false},"author":5,"featured_media":0,"parent":0,"menu_order":0,"comment_status":"closed","ping_status":"closed","template":"elementor_header_footer","meta":{"footnotes":""},"class_list":["post-2594","page","type-page","status-publish","hentry"],"_links":{"self":[{"href":"https:\/\/summerhillschool.edu.co\/index.php\/wp-json\/wp\/v2\/pages\/2594","targetHints":{"allow":["GET"]}}],"collection":[{"href":"https:\/\/summerhillschool.edu.co\/index.php\/wp-json\/wp\/v2\/pages"}],"about":[{"href":"https:\/\/summerhillschool.edu.co\/index.php\/wp-json\/wp\/v2\/types\/page"}],"author":[{"embeddable":true,"href":"https:\/\/summerhillschool.edu.co\/index.php\/wp-json\/wp\/v2\/users\/5"}],"replies":[{"embeddable":true,"href":"https:\/\/summerhillschool.edu.co\/index.php\/wp-json\/wp\/v2\/comments?post=2594"}],"version-history":[{"count":0,"href":"https:\/\/summerhillschool.edu.co\/index.php\/wp-json\/wp\/v2\/pages\/2594\/revisions"}],"wp:attachment":[{"href":"https:\/\/summerhillschool.edu.co\/index.php\/wp-json\/wp\/v2\/media?parent=2594"}],"curies":[{"name":"wp","href":"https:\/\/api.w.org\/{rel}","templated":true}]}}