{"id":2588,"date":"2016-02-10T10:29:39","date_gmt":"2016-02-10T10:29:39","guid":{"rendered":"http:\/\/www.anarieldesign.com\/themedemos\/pena\/?page_id=63"},"modified":"2025-10-17T09:09:40","modified_gmt":"2025-10-17T14:09:40","slug":"proceso-admisiones","status":"publish","type":"page","link":"https:\/\/summerhillschool.edu.co\/index.php\/proceso-admisiones\/","title":{"rendered":"Proceso Admisiones"},"content":{"rendered":"\t\t<div data-elementor-type=\"wp-page\" data-elementor-id=\"2588\" class=\"elementor elementor-2588\" data-elementor-post-type=\"page\">\n\t\t\t\t\t\t<section class=\"elementor-section elementor-top-section elementor-element elementor-element-5310b92 elementor-section-boxed elementor-section-height-default elementor-section-height-default\" data-id=\"5310b92\" data-element_type=\"section\" data-e-type=\"section\">\n\t\t\t\t\t\t<div class=\"elementor-container elementor-column-gap-default\">\n\t\t\t\t\t<div class=\"elementor-column elementor-col-100 elementor-top-column elementor-element elementor-element-b84de88\" data-id=\"b84de88\" data-element_type=\"column\" data-e-type=\"column\">\n\t\t\t<div class=\"elementor-widget-wrap elementor-element-populated\">\n\t\t\t\t\t\t<div class=\"elementor-element elementor-element-134e375 elementor-widget elementor-widget-spacer\" data-id=\"134e375\" data-element_type=\"widget\" data-e-type=\"widget\" data-widget_type=\"spacer.default\">\n\t\t\t\t<div class=\"elementor-widget-container\">\n\t\t\t\t\t\t\t<div class=\"elementor-spacer\">\n\t\t\t<div class=\"elementor-spacer-inner\"><\/div>\n\t\t<\/div>\n\t\t\t\t\t\t<\/div>\n\t\t\t\t<\/div>\n\t\t\t\t\t<\/div>\n\t\t<\/div>\n\t\t\t\t\t<\/div>\n\t\t<\/section>\n\t\t\t\t<section class=\"elementor-section elementor-top-section elementor-element elementor-element-6f35d66b elementor-section-boxed elementor-section-height-default elementor-section-height-default\" data-id=\"6f35d66b\" data-element_type=\"section\" data-e-type=\"section\">\n\t\t\t\t\t\t<div class=\"elementor-container elementor-column-gap-default\">\n\t\t\t\t\t<div class=\"elementor-column elementor-col-100 elementor-top-column elementor-element elementor-element-6c629c2a\" data-id=\"6c629c2a\" data-element_type=\"column\" data-e-type=\"column\">\n\t\t\t<div class=\"elementor-widget-wrap elementor-element-populated\">\n\t\t\t\t\t\t<div class=\"elementor-element elementor-element-a4653d8 elementor-widget elementor-widget-spacer\" data-id=\"a4653d8\" data-element_type=\"widget\" data-e-type=\"widget\" data-widget_type=\"spacer.default\">\n\t\t\t\t<div class=\"elementor-widget-container\">\n\t\t\t\t\t\t\t<div class=\"elementor-spacer\">\n\t\t\t<div class=\"elementor-spacer-inner\"><\/div>\n\t\t<\/div>\n\t\t\t\t\t\t<\/div>\n\t\t\t\t<\/div>\n\t\t\t\t<div class=\"elementor-element elementor-element-b332140 elementor-headline--style-highlight elementor-widget elementor-widget-animated-headline\" data-id=\"b332140\" data-element_type=\"widget\" data-e-type=\"widget\" data-settings=\"{&quot;highlighted_text&quot;:&quot;admisiones&quot;,&quot;headline_style&quot;:&quot;highlight&quot;,&quot;marker&quot;:&quot;circle&quot;,&quot;loop&quot;:&quot;yes&quot;,&quot;highlight_animation_duration&quot;:1200,&quot;highlight_iteration_delay&quot;:8000}\" data-widget_type=\"animated-headline.default\">\n\t\t\t\t<div class=\"elementor-widget-container\">\n\t\t\t\t\t\t\t<h3 class=\"elementor-headline\">\n\t\t\t\t\t<span class=\"elementor-headline-plain-text elementor-headline-text-wrapper\">proceso<\/span>\n\t\t\t\t<span class=\"elementor-headline-dynamic-wrapper elementor-headline-text-wrapper\">\n\t\t\t\t\t<span class=\"elementor-headline-dynamic-text elementor-headline-text-active\">admisiones<\/span>\n\t\t\t\t<\/span>\n\t\t\t\t<\/h3>\n\t\t\t\t\t\t<\/div>\n\t\t\t\t<\/div>\n\t\t\t\t<div class=\"elementor-element elementor-element-f1596fb elementor-widget-mobile__width-initial elementor-widget elementor-widget-text-editor\" data-id=\"f1596fb\" data-element_type=\"widget\" data-e-type=\"widget\" data-widget_type=\"text-editor.default\">\n\t\t\t\t<div class=\"elementor-widget-container\">\n\t\t\t\t\t\t\t\t\t<p><!-- [if !supportLists]--><span style=\"color: #000000;\"><strong><span style=\"font-family: Verdana, Geneva; font-size: 12pt;\"><span style=\"font-size: 14pt;\">\u00a0\u00a0<\/span><\/span><span style=\"font-size: 12pt; line-height: 150%;\">1. Inscripci\u00f3n.<\/span><\/strong><\/span><\/p><p class=\"MsoNormal\" style=\"margin-bottom: 21.0pt; text-align: justify; line-height: 150%;\"><span style=\"font-size: 12pt; line-height: 150%; color: #000000;\">El colegio solo recibe estudiantes que llenen los requisitos para los grados de Pre-k\u00ednder a 7\u00ba.<\/span><\/p><p class=\"MsoNormal\" style=\"margin-bottom: 21.0pt; text-align: justify; line-height: 150%;\"><span style=\"font-size: 12pt; line-height: 150%; color: #000000;\">A continuaci\u00f3n, encontrar\u00e1 un link a trav\u00e9s del cual podr\u00e1 acceder a informaci\u00f3n sobre nuestro proceso, agendarse para conocer nuestras instalaciones y lo guiar\u00e1 en un paso a paso para poder adquirir el formulario, reunir los requisitos necesarios y llevar a cabo la vinculaci\u00f3n exitosa a nuestra comunidad Summerhillista. <\/span><\/p><h4 style=\"text-align: justify; line-height: 150%;\"><a href=\"https:\/\/webapps-classroomliveweb.com:2443\/summerhill\/2026\/InscripcionA.aspx\" target=\"_blank\" rel=\"noopener\">https:\/\/webapps-classroomliveweb.com:2443\/summerhill\/2026\/InscripcionA.aspx<\/a><\/h4><div>\u00a0<\/div><p class=\"MsoNormal\" style=\"text-align: justify; line-height: 150%;\"><span style=\"color: #000000;\"><span lang=\"ES-MX\" style=\"font-size: 12pt; line-height: 150%;\">Tambi\u00e9n pueden ingresar a nuestra p\u00e1gina Web <\/span><a style=\"color: #000000;\" href=\"https:\/\/summerhillschool.edu.co\/\"><span lang=\"ES-MX\" style=\"font-size: 12pt; line-height: 150%;\">Summehillschool (summerhillschool.edu.co)<\/span><\/a><span style=\"font-size: 12pt; line-height: 150%;\"> en la secci\u00f3n Admisiones, all\u00ed estar\u00e1 disponible el enlace para acceder con un solo clic.<\/span><\/span><\/p>\t\t\t\t\t\t\t\t<\/div>\n\t\t\t\t<\/div>\n\t\t\t\t\t<\/div>\n\t\t<\/div>\n\t\t\t\t\t<\/div>\n\t\t<\/section>\n\t\t\t\t<section class=\"elementor-section elementor-top-section elementor-element elementor-element-4319541 elementor-section-boxed elementor-section-height-default elementor-section-height-default\" data-id=\"4319541\" data-element_type=\"section\" data-e-type=\"section\">\n\t\t\t\t\t\t<div class=\"elementor-container elementor-column-gap-default\">\n\t\t\t\t\t<div class=\"elementor-column elementor-col-100 elementor-top-column elementor-element elementor-element-97e6dbd\" data-id=\"97e6dbd\" data-element_type=\"column\" data-e-type=\"column\">\n\t\t\t<div class=\"elementor-widget-wrap elementor-element-populated\">\n\t\t\t\t\t\t<div class=\"elementor-element elementor-element-237c972 elementor-widget elementor-widget-text-editor\" data-id=\"237c972\" data-element_type=\"widget\" data-e-type=\"widget\" data-widget_type=\"text-editor.default\">\n\t\t\t\t<div class=\"elementor-widget-container\">\n\t\t\t\t\t\t\t\t\t<ol start=\"2\"><li><strong> Diligenciar informaci\u00f3n b\u00e1sica: (Indispensable para comenzar proceso de Admisiones)<\/strong><\/li><\/ol><p>Luego de ingresar al enlace, es necesario el diligenciamiento de datos b\u00e1sicos del estudiante y sus padres, finalizado este proceso debe dar clic en guardar; posterior a ello les llegar\u00e1 un correo con informaci\u00f3n inicial de costos, n\u00famero telef\u00f3nico de la empresa de transporte para revisar con ellos cobertura y costos de ruta; adicionalmente recibir\u00e1n la invitaci\u00f3n para conocer nuestro proyecto educativo. Encontrar\u00e1n tambi\u00e9n la forma en que pueden adquirir el formulario de Admisiones 2026.<\/p><ol start=\"3\"><li><strong> Compra de Formulario:<\/strong><\/li><\/ol><p>Recibir\u00e1 de vuelta un correo de confirmaci\u00f3n de su pago, con el Formulario de Admisiones para ser diligenciado junto a otros documentos y requisitos que se deben reunir para continuar adelantando el proceso y la fecha en la cual deben ser radicados en f\u00edsico en la Instituci\u00f3n:<\/p><p>Reporte integral procedente de la instituci\u00f3n en la cual se encuentra vinculado el estudiante, completamente diligenciado y dirigido a nuestra instituci\u00f3n en sobre sellado.<\/p><ul><li>\u00a0Fotocopia del observador del estudiante de lo transcurrido del a\u00f1o 2025.<\/li><li>\u00a0\u00daltimo Bolet\u00edn de calificaciones del curso actual 2025.<\/li><li>\u00a0Hoja de Vida de los padres.<\/li><li>\u00a0Constancia laboral que certifique el salario y la antig\u00fcedad laboral de los padres.<\/li><li>\u00a0Si son independientes, certificaci\u00f3n expedida por contador titulado con fotocopia de la tarjeta profesional del contador y copia de la \u00faltima declaraci\u00f3n de renta si aplica.<\/li><\/ul><p style=\"text-align: center;\"><strong><em>Es importante tener en cuenta que el pago de la inscripci\u00f3n en ning\u00fan caso ser\u00e1 reembolsable<\/em><\/strong><\/p><ol start=\"4\"><li><strong> Citaci\u00f3n a proceso de observaci\u00f3n<\/strong><\/li><\/ol><p>Una vez validada la compra del formulario tambi\u00e9n recibir\u00e1 un correo con la citaci\u00f3n a la prueba de Admisi\u00f3n. Para ese d\u00eda el estudiante deber\u00e1 traer Cartuchera con l\u00e1piz, borrador, tajal\u00e1piz y colores.<\/p><p>Cuando se haya revisado la documentaci\u00f3n, verificado los requisitos y analizado los resultados de la prueba, se realizar\u00e1 la programaci\u00f3n de la entrevista con el Departamento de psicolog\u00eda.<\/p><ol start=\"5\"><li><strong> Entrevista con el Departamento de psicolog\u00eda.<\/strong><\/li><\/ol><p>A trav\u00e9s del correo que usted registr\u00f3 en el formulario de inscripci\u00f3n inicial les comunicaremos el d\u00eda y la hora de la entrevista con la profesional de esta \u00e1rea. Con esta entrevista se dar\u00e1 cierre al proceso de admisi\u00f3n y si los resultados son favorables, usted recibir\u00e1 a vuelta de correo electr\u00f3nico la orden de matr\u00edcula y la circular de bienvenida pasados cinco d\u00edas h\u00e1biles.<\/p><ol start=\"6\"><li><strong> Matr\u00edcula<\/strong><\/li><\/ol><p>Una vez que el (a) estudiante haya sido admitido (a), es necesario reunir los siguientes documentos para efectuar la protocolizaci\u00f3n con la orden de matr\u00edcula en la fecha indicada.<\/p><p><strong>Documentos para la matr\u00edcula de Estudiantes nuevos:<\/strong><\/p><ul><li>Orden de Matr\u00edcula expedida por nuestra Instituci\u00f3n. (Obligatorio aportarla)<\/li><li>Registro civil<\/li><li>Fotocopia de la tarjeta de identidad para mayores de 7 a\u00f1os.<\/li><li>Fotocopia del carn\u00e9 de vacunas (ni\u00f1os de preescolar a segundo de primaria).<\/li><li>Fotocopia del carn\u00e9 de vacunas contra covid-19 (si lo tiene).<\/li><li>Paz y salvo del colegio anterior.<\/li><li>Ficha de informaci\u00f3n m\u00e9dica diligenciada por los padres de familia. (este formato se puede descargar en nuestra p\u00e1gina web en el link \u2013admisiones ficha m\u00e9dica)<\/li><li>Certificaci\u00f3n de afiliaci\u00f3n a EPS.<\/li><li>\u00daltimo bolet\u00edn de calificaciones del a\u00f1o cursado en 2025 que certifique la promoci\u00f3n al curso siguiente.<\/li><li>Certificado de notas del a\u00f1o en curso para quienes ingresan a los grados 5\u00ba, 6\u00ba \u00f3 7\u00ba.<\/li><li>Recibo de pago de matr\u00edcula.<\/li><li>Dos Fotocopias de la c\u00e9dula de ciudadan\u00eda de ambos padres, ampliada al 150%.<\/li><\/ul><p><strong>Nota:\u00a0 Solicitar a la instituci\u00f3n de procedencia el retiro del SIMAT y enviar el soporte correspondiente al correo\u00a0<\/strong><a href=\"mailto:secretariaacademica@summerhillschool.edu.co\"><strong>secretariaacademica@summerhillschool.edu.co<\/strong><\/a><\/p><p>Es importante formalizar la matr\u00edcula en la fecha programada, en caso contrario se asignar\u00e1 el cupo a otro estudiante.<\/p><p>Esperamos que los anteriores lineamientos hayan ilustrado en forma clara el desarrollo del proceso de admisi\u00f3n para el a\u00f1o 2026.<\/p><p>Agradecemos tener en cuenta todas las recomendaciones para evitar contratiempos.<\/p><p><strong>Cordialmente,<\/strong><br \/><strong>COMIT\u00c9 DE ADMISIONES<\/strong><\/p><p style=\"text-align: center;\"><strong>\u00abEDUCAMOS CON AMOR Y SABIDUR\u00cdA<\/strong><\/p>\t\t\t\t\t\t\t\t<\/div>\n\t\t\t\t<\/div>\n\t\t\t\t\t<\/div>\n\t\t<\/div>\n\t\t\t\t\t<\/div>\n\t\t<\/section>\n\t\t\t\t<\/div>\n\t\t","protected":false},"excerpt":{"rendered":"<p>proceso admisiones \u00a0\u00a01. Inscripci\u00f3n. El colegio solo recibe estudiantes que llenen los requisitos para los grados de Pre-k\u00ednder a 7\u00ba. A continuaci\u00f3n, encontrar\u00e1 un link a trav\u00e9s del cual podr\u00e1 acceder a informaci\u00f3n sobre nuestro proceso, agendarse para conocer nuestras instalaciones y lo guiar\u00e1 en un paso a paso para poder adquirir el formulario, reunir<a class=\"more-link\" href=\"https:\/\/summerhillschool.edu.co\/index.php\/proceso-admisiones\/\">Continue reading <span class=\"screen-reader-text\">Proceso Admisiones<\/span> <span class=\"meta-nav\" aria-hidden=\"true\">&rarr;<\/span><\/a><\/p>\n","protected":false},"author":5,"featured_media":0,"parent":0,"menu_order":0,"comment_status":"closed","ping_status":"closed","template":"elementor_header_footer","meta":{"footnotes":""},"class_list":["post-2588","page","type-page","status-publish","hentry"],"_links":{"self":[{"href":"https:\/\/summerhillschool.edu.co\/index.php\/wp-json\/wp\/v2\/pages\/2588","targetHints":{"allow":["GET"]}}],"collection":[{"href":"https:\/\/summerhillschool.edu.co\/index.php\/wp-json\/wp\/v2\/pages"}],"about":[{"href":"https:\/\/summerhillschool.edu.co\/index.php\/wp-json\/wp\/v2\/types\/page"}],"author":[{"embeddable":true,"href":"https:\/\/summerhillschool.edu.co\/index.php\/wp-json\/wp\/v2\/users\/5"}],"replies":[{"embeddable":true,"href":"https:\/\/summerhillschool.edu.co\/index.php\/wp-json\/wp\/v2\/comments?post=2588"}],"version-history":[{"count":0,"href":"https:\/\/summerhillschool.edu.co\/index.php\/wp-json\/wp\/v2\/pages\/2588\/revisions"}],"wp:attachment":[{"href":"https:\/\/summerhillschool.edu.co\/index.php\/wp-json\/wp\/v2\/media?parent=2588"}],"curies":[{"name":"wp","href":"https:\/\/api.w.org\/{rel}","templated":true}]}}