{"id":2581,"date":"2016-02-06T09:54:04","date_gmt":"2016-02-06T09:54:04","guid":{"rendered":"http:\/\/www.anarieldesign.com\/themedemos\/pena\/?page_id=17"},"modified":"2025-02-28T12:19:13","modified_gmt":"2025-02-28T17:19:13","slug":"valores-institucionales","status":"publish","type":"page","link":"https:\/\/summerhillschool.edu.co\/index.php\/valores-institucionales\/","title":{"rendered":"Valores Institucionales"},"content":{"rendered":"\t\t<div data-elementor-type=\"wp-page\" data-elementor-id=\"2581\" class=\"elementor elementor-2581\" data-elementor-post-type=\"page\">\n\t\t\t\t\t\t<section class=\"elementor-section elementor-top-section elementor-element elementor-element-345a9e2 elementor-section-boxed elementor-section-height-default elementor-section-height-default\" data-id=\"345a9e2\" data-element_type=\"section\" data-e-type=\"section\">\n\t\t\t\t\t\t<div class=\"elementor-container elementor-column-gap-default\">\n\t\t\t\t\t<div class=\"elementor-column elementor-col-100 elementor-top-column elementor-element elementor-element-51c1f4d9\" data-id=\"51c1f4d9\" data-element_type=\"column\" data-e-type=\"column\">\n\t\t\t<div class=\"elementor-widget-wrap elementor-element-populated\">\n\t\t\t\t\t\t<div class=\"elementor-element elementor-element-94d1419 elementor-widget elementor-widget-spacer\" data-id=\"94d1419\" data-element_type=\"widget\" data-e-type=\"widget\" data-widget_type=\"spacer.default\">\n\t\t\t\t<div class=\"elementor-widget-container\">\n\t\t\t\t\t\t\t<div class=\"elementor-spacer\">\n\t\t\t<div class=\"elementor-spacer-inner\"><\/div>\n\t\t<\/div>\n\t\t\t\t\t\t<\/div>\n\t\t\t\t<\/div>\n\t\t\t\t<div class=\"elementor-element elementor-element-034853a elementor-headline--style-highlight elementor-widget elementor-widget-animated-headline\" data-id=\"034853a\" data-element_type=\"widget\" data-e-type=\"widget\" data-settings=\"{&quot;highlighted_text&quot;:&quot;INSTITUCIONALES&quot;,&quot;headline_style&quot;:&quot;highlight&quot;,&quot;marker&quot;:&quot;circle&quot;,&quot;loop&quot;:&quot;yes&quot;,&quot;highlight_animation_duration&quot;:1200,&quot;highlight_iteration_delay&quot;:8000}\" data-widget_type=\"animated-headline.default\">\n\t\t\t\t<div class=\"elementor-widget-container\">\n\t\t\t\t\t\t\t<h3 class=\"elementor-headline\">\n\t\t\t\t\t<span class=\"elementor-headline-plain-text elementor-headline-text-wrapper\">VALORES <\/span>\n\t\t\t\t<span class=\"elementor-headline-dynamic-wrapper elementor-headline-text-wrapper\">\n\t\t\t\t\t<span class=\"elementor-headline-dynamic-text elementor-headline-text-active\">INSTITUCIONALES<\/span>\n\t\t\t\t<\/span>\n\t\t\t\t<\/h3>\n\t\t\t\t\t\t<\/div>\n\t\t\t\t<\/div>\n\t\t\t\t<div class=\"elementor-element elementor-element-8aa5422 elementor-widget elementor-widget-text-editor\" data-id=\"8aa5422\" data-element_type=\"widget\" data-e-type=\"widget\" data-widget_type=\"text-editor.default\">\n\t\t\t\t<div class=\"elementor-widget-container\">\n\t\t\t\t\t\t\t\t\t<p style=\"text-align: justify;\"><span style=\"font-family: 'Trebuchet MS', Geneva; font-size: 12pt; color: #000000;\"><em><strong><span lang=\"ES\" style=\"font-size: 14pt;\">AUTONOM\u00cdA:<\/span><\/strong><\/em><span lang=\"ES\"> Como la <\/span>facultad que tiene una persona para obrar seg\u00fan su criterio, con independencia de la opini\u00f3n o el deseo de otros.<\/span><\/p><p style=\"text-align: justify;\"><span style=\"font-family: 'Trebuchet MS', Geneva; font-size: 12pt; color: #000000;\"><em><span style=\"font-size: 14pt;\"><strong>RESPETO<\/strong>:<\/span><\/em> Como el valor humano, que se manifiesta en el buen trato hacia las distintas personas\u00a0con\u00a0las que se comparte la vida y el coraz\u00f3n.<\/span><\/p><p style=\"text-align: justify;\"><span style=\"font-family: 'Trebuchet MS', Geneva; font-size: 12pt; color: #000000;\"><em><span lang=\"ES\"><span style=\"font-size: 14pt;\"><strong>HONESTIDAD<\/strong>:<\/span> <\/span><\/em>Como uno de los\u00a0valores m\u00e1s importantes\u00a0en la formaci\u00f3n de la\u00a0personalidad y el car\u00e1cter de los ni\u00f1os y ni\u00f1as<span lang=\"EN-US\">, el <\/span>que una vez aprendido y asimilado, se convierte en una actitud que siembra confianza en uno mismo y en aquellos que est\u00e1n en contacto con esta persona, su pr\u00e1ctica, \u00a0hace \u00a0que los ni\u00f1os y ni\u00f1as act\u00faen siempre con base en la verdad y en la justicia.<\/span><\/p><p style=\"text-align: justify;\"><span style=\"font-family: 'Trebuchet MS', Geneva; font-size: 12pt; color: #000000;\"><em><span lang=\"ES\" style=\"font-size: 14pt;\"><strong>COMPROMISO<\/strong>:<\/span><\/em><span lang=\"ES\"> Como un valor que <\/span>implica ayudar para que nuestros ni\u00f1os, ni\u00f1as y j\u00f3venes vayan desarrollando cada vez m\u00e1s su autonom\u00eda, su responsabilidad, su perseverancia, de manera que puedan ir tomando sus propias decisiones, se comprometan con la elecci\u00f3n tomada y se hagan cargo de las consecuencias de sus conductas, superando los obst\u00e1culos que se van encontrando y disfrutando de alcanzar las metas que se proponen.<\/span><\/p>\t\t\t\t\t\t\t\t<\/div>\n\t\t\t\t<\/div>\n\t\t\t\t\t<\/div>\n\t\t<\/div>\n\t\t\t\t\t<\/div>\n\t\t<\/section>\n\t\t\t\t<section class=\"elementor-section elementor-top-section elementor-element elementor-element-689fa84 elementor-section-boxed elementor-section-height-default elementor-section-height-default\" data-id=\"689fa84\" data-element_type=\"section\" data-e-type=\"section\">\n\t\t\t\t\t\t<div class=\"elementor-container elementor-column-gap-default\">\n\t\t\t\t\t<div class=\"elementor-column elementor-col-100 elementor-top-column elementor-element elementor-element-699ac13\" data-id=\"699ac13\" data-element_type=\"column\" data-e-type=\"column\">\n\t\t\t<div class=\"elementor-widget-wrap elementor-element-populated\">\n\t\t\t\t\t\t<div class=\"elementor-element elementor-element-a4c7ad5 elementor-widget elementor-widget-heading\" data-id=\"a4c7ad5\" data-element_type=\"widget\" data-e-type=\"widget\" data-widget_type=\"heading.default\">\n\t\t\t\t<div class=\"elementor-widget-container\">\n\t\t\t\t\t<h2 class=\"elementor-heading-title elementor-size-default\">hagamos un trato por el buen trato<\/h2>\t\t\t\t<\/div>\n\t\t\t\t<\/div>\n\t\t\t\t\t<\/div>\n\t\t<\/div>\n\t\t\t\t\t<\/div>\n\t\t<\/section>\n\t\t\t\t<section class=\"elementor-section elementor-top-section elementor-element elementor-element-6de249b elementor-section-boxed elementor-section-height-default elementor-section-height-default\" data-id=\"6de249b\" data-element_type=\"section\" data-e-type=\"section\">\n\t\t\t\t\t\t<div class=\"elementor-container elementor-column-gap-default\">\n\t\t\t\t\t<div class=\"elementor-column elementor-col-100 elementor-top-column elementor-element elementor-element-a66514c\" data-id=\"a66514c\" data-element_type=\"column\" data-e-type=\"column\">\n\t\t\t<div class=\"elementor-widget-wrap elementor-element-populated\">\n\t\t\t\t\t\t<div class=\"elementor-element elementor-element-440ea1b elementor-widget elementor-widget-image\" data-id=\"440ea1b\" data-element_type=\"widget\" data-e-type=\"widget\" data-widget_type=\"image.default\">\n\t\t\t\t<div class=\"elementor-widget-container\">\n\t\t\t\t\t\t\t\t\t\t\t\t\t\t\t\t<a href=\"https:\/\/summerhillschool.edu.co\/wp-content\/uploads\/2025\/02\/hagamos_un_trato_por_el_buen_trato.webp\" data-elementor-open-lightbox=\"yes\" data-e-action-hash=\"#elementor-action%3Aaction%3Dlightbox%26settings%3DeyJpZCI6MTgxNjgsInVybCI6Imh0dHBzOlwvXC9zdW1tZXJoaWxsc2Nob29sLmVkdS5jb1wvd3AtY29udGVudFwvdXBsb2Fkc1wvMjAyNVwvMDJcL2hhZ2Ftb3NfdW5fdHJhdG9fcG9yX2VsX2J1ZW5fdHJhdG8ud2VicCJ9\">\n\t\t\t\t\t\t\t<img fetchpriority=\"high\" decoding=\"async\" width=\"768\" height=\"1117\" src=\"https:\/\/summerhillschool.edu.co\/wp-content\/uploads\/2025\/02\/hagamos_un_trato_por_el_buen_trato-768x1117.webp\" class=\"attachment-medium_large size-medium_large wp-image-18168\" alt=\"\" srcset=\"https:\/\/summerhillschool.edu.co\/wp-content\/uploads\/2025\/02\/hagamos_un_trato_por_el_buen_trato-768x1117.webp 768w, https:\/\/summerhillschool.edu.co\/wp-content\/uploads\/2025\/02\/hagamos_un_trato_por_el_buen_trato-206x300.webp 206w, https:\/\/summerhillschool.edu.co\/wp-content\/uploads\/2025\/02\/hagamos_un_trato_por_el_buen_trato-704x1024.webp 704w, https:\/\/summerhillschool.edu.co\/wp-content\/uploads\/2025\/02\/hagamos_un_trato_por_el_buen_trato-430x625.webp 430w, https:\/\/summerhillschool.edu.co\/wp-content\/uploads\/2025\/02\/hagamos_un_trato_por_el_buen_trato-624x908.webp 624w, https:\/\/summerhillschool.edu.co\/wp-content\/uploads\/2025\/02\/hagamos_un_trato_por_el_buen_trato-870x1265.webp 870w, https:\/\/summerhillschool.edu.co\/wp-content\/uploads\/2025\/02\/hagamos_un_trato_por_el_buen_trato-405x589.webp 405w, https:\/\/summerhillschool.edu.co\/wp-content\/uploads\/2025\/02\/hagamos_un_trato_por_el_buen_trato.webp 880w\" sizes=\"(max-width: 768px) 100vw, 768px\" \/>\t\t\t\t\t\t\t\t<\/a>\n\t\t\t\t\t\t\t\t\t\t\t\t\t\t\t<\/div>\n\t\t\t\t<\/div>\n\t\t\t\t\t<\/div>\n\t\t<\/div>\n\t\t\t\t\t<\/div>\n\t\t<\/section>\n\t\t\t\t<\/div>\n\t\t","protected":false},"excerpt":{"rendered":"<p>VALORES INSTITUCIONALES AUTONOM\u00cdA: Como la facultad que tiene una persona para obrar seg\u00fan su criterio, con independencia de la opini\u00f3n o el deseo de otros. RESPETO: Como el valor humano, que se manifiesta en el buen trato hacia las distintas personas\u00a0con\u00a0las que se comparte la vida y el coraz\u00f3n. HONESTIDAD: Como uno de los\u00a0valores m\u00e1s<a class=\"more-link\" href=\"https:\/\/summerhillschool.edu.co\/index.php\/valores-institucionales\/\">Continue reading <span class=\"screen-reader-text\">Valores Institucionales<\/span> <span class=\"meta-nav\" aria-hidden=\"true\">&rarr;<\/span><\/a><\/p>\n","protected":false},"author":5,"featured_media":0,"parent":0,"menu_order":0,"comment_status":"closed","ping_status":"closed","template":"elementor_header_footer","meta":{"footnotes":""},"class_list":["post-2581","page","type-page","status-publish","hentry"],"_links":{"self":[{"href":"https:\/\/summerhillschool.edu.co\/index.php\/wp-json\/wp\/v2\/pages\/2581","targetHints":{"allow":["GET"]}}],"collection":[{"href":"https:\/\/summerhillschool.edu.co\/index.php\/wp-json\/wp\/v2\/pages"}],"about":[{"href":"https:\/\/summerhillschool.edu.co\/index.php\/wp-json\/wp\/v2\/types\/page"}],"author":[{"embeddable":true,"href":"https:\/\/summerhillschool.edu.co\/index.php\/wp-json\/wp\/v2\/users\/5"}],"replies":[{"embeddable":true,"href":"https:\/\/summerhillschool.edu.co\/index.php\/wp-json\/wp\/v2\/comments?post=2581"}],"version-history":[{"count":0,"href":"https:\/\/summerhillschool.edu.co\/index.php\/wp-json\/wp\/v2\/pages\/2581\/revisions"}],"wp:attachment":[{"href":"https:\/\/summerhillschool.edu.co\/index.php\/wp-json\/wp\/v2\/media?parent=2581"}],"curies":[{"name":"wp","href":"https:\/\/api.w.org\/{rel}","templated":true}]}}