{"id":2144,"date":"2017-11-07T11:55:56","date_gmt":"2017-11-07T11:55:56","guid":{"rendered":"http:\/\/anariel.com\/pena\/?page_id=2144"},"modified":"2021-05-07T21:11:39","modified_gmt":"2021-05-07T21:11:39","slug":"principios","status":"publish","type":"page","link":"https:\/\/summerhillschool.edu.co\/index.php\/principios\/","title":{"rendered":"Principios"},"content":{"rendered":"<p style=\"text-align: justify;\"><span style=\"font-family: 'Trebuchet MS', Geneva;\">Nuestro Proyecto Educativo est\u00e1 cimentado en los dos ejes de su filosof\u00eda \u00abLove and Wisdom\u00bb \u2013 \u00abAmor y sabidur\u00eda\u00bb los cuales transforman en vivencia los conceptos de aprendizaje significativo, visi\u00f3n integral, innovaci\u00f3n, convivencia ciudadana, flexibilidad curricular, v\u00ednculo afectivo y ambientes de aprendizaje.<\/span><\/p>\n","protected":false},"excerpt":{"rendered":"<p>Nuestro Proyecto Educativo est\u00e1 cimentado en los dos ejes de su filosof\u00eda \u00abLove and Wisdom\u00bb \u2013 \u00abAmor y sabidur\u00eda\u00bb los cuales transforman en vivencia los conceptos de aprendizaje significativo, visi\u00f3n integral, innovaci\u00f3n, convivencia ciudadana, flexibilidad curricular, v\u00ednculo afectivo y ambientes de aprendizaje.<\/p>\n","protected":false},"author":5,"featured_media":0,"parent":0,"menu_order":0,"comment_status":"closed","ping_status":"closed","template":"","meta":{"footnotes":""},"class_list":["post-2144","page","type-page","status-publish","hentry"],"_links":{"self":[{"href":"https:\/\/summerhillschool.edu.co\/index.php\/wp-json\/wp\/v2\/pages\/2144","targetHints":{"allow":["GET"]}}],"collection":[{"href":"https:\/\/summerhillschool.edu.co\/index.php\/wp-json\/wp\/v2\/pages"}],"about":[{"href":"https:\/\/summerhillschool.edu.co\/index.php\/wp-json\/wp\/v2\/types\/page"}],"author":[{"embeddable":true,"href":"https:\/\/summerhillschool.edu.co\/index.php\/wp-json\/wp\/v2\/users\/5"}],"replies":[{"embeddable":true,"href":"https:\/\/summerhillschool.edu.co\/index.php\/wp-json\/wp\/v2\/comments?post=2144"}],"version-history":[{"count":0,"href":"https:\/\/summerhillschool.edu.co\/index.php\/wp-json\/wp\/v2\/pages\/2144\/revisions"}],"wp:attachment":[{"href":"https:\/\/summerhillschool.edu.co\/index.php\/wp-json\/wp\/v2\/media?parent=2144"}],"curies":[{"name":"wp","href":"https:\/\/api.w.org\/{rel}","templated":true}]}}