{"id":12697,"date":"2023-04-18T20:19:13","date_gmt":"2023-04-19T01:19:13","guid":{"rendered":"https:\/\/summerhillschool.edu.co\/?page_id=12697"},"modified":"2023-06-13T07:36:18","modified_gmt":"2023-06-13T12:36:18","slug":"nutricion-2","status":"publish","type":"page","link":"https:\/\/summerhillschool.edu.co\/index.php\/nutricion-2\/","title":{"rendered":"Nutrici\u00f3n"},"content":{"rendered":"\t\t<div data-elementor-type=\"wp-page\" data-elementor-id=\"12697\" class=\"elementor elementor-12697\" data-elementor-post-type=\"page\">\n\t\t\t\t\t\t<section class=\"elementor-section elementor-top-section elementor-element elementor-element-5874aef0 elementor-section-boxed elementor-section-height-default elementor-section-height-default\" data-id=\"5874aef0\" data-element_type=\"section\" data-e-type=\"section\">\n\t\t\t\t\t\t<div class=\"elementor-container elementor-column-gap-default\">\n\t\t\t\t\t<div class=\"elementor-column elementor-col-100 elementor-top-column elementor-element elementor-element-66392ec7\" data-id=\"66392ec7\" data-element_type=\"column\" data-e-type=\"column\">\n\t\t\t<div class=\"elementor-widget-wrap elementor-element-populated\">\n\t\t\t\t\t\t<div class=\"elementor-element elementor-element-20f987c elementor-widget elementor-widget-spacer\" data-id=\"20f987c\" data-element_type=\"widget\" data-e-type=\"widget\" data-widget_type=\"spacer.default\">\n\t\t\t\t<div class=\"elementor-widget-container\">\n\t\t\t\t\t\t\t<div class=\"elementor-spacer\">\n\t\t\t<div class=\"elementor-spacer-inner\"><\/div>\n\t\t<\/div>\n\t\t\t\t\t\t<\/div>\n\t\t\t\t<\/div>\n\t\t\t\t<div class=\"elementor-element elementor-element-8fe9e70 elementor-headline--style-highlight elementor-widget elementor-widget-animated-headline\" data-id=\"8fe9e70\" data-element_type=\"widget\" data-e-type=\"widget\" data-settings=\"{&quot;highlighted_text&quot;:&quot;NUTRICI\\u00d3N&quot;,&quot;headline_style&quot;:&quot;highlight&quot;,&quot;marker&quot;:&quot;circle&quot;,&quot;loop&quot;:&quot;yes&quot;,&quot;highlight_animation_duration&quot;:1200,&quot;highlight_iteration_delay&quot;:8000}\" data-widget_type=\"animated-headline.default\">\n\t\t\t\t<div class=\"elementor-widget-container\">\n\t\t\t\t\t\t\t<h3 class=\"elementor-headline\">\n\t\t\t\t<span class=\"elementor-headline-dynamic-wrapper elementor-headline-text-wrapper\">\n\t\t\t\t\t<span class=\"elementor-headline-dynamic-text elementor-headline-text-active\">NUTRICI\u00d3N<\/span>\n\t\t\t\t<\/span>\n\t\t\t\t<\/h3>\n\t\t\t\t\t\t<\/div>\n\t\t\t\t<\/div>\n\t\t\t\t\t<\/div>\n\t\t<\/div>\n\t\t\t\t\t<\/div>\n\t\t<\/section>\n\t\t\t\t<section class=\"elementor-section elementor-top-section elementor-element elementor-element-16f72af elementor-section-boxed elementor-section-height-default elementor-section-height-default\" data-id=\"16f72af\" data-element_type=\"section\" data-e-type=\"section\">\n\t\t\t\t\t\t<div class=\"elementor-container elementor-column-gap-default\">\n\t\t\t\t\t<div class=\"elementor-column elementor-col-50 elementor-top-column elementor-element elementor-element-5d02fb5\" data-id=\"5d02fb5\" data-element_type=\"column\" data-e-type=\"column\">\n\t\t\t<div class=\"elementor-widget-wrap elementor-element-populated\">\n\t\t\t\t\t\t<div class=\"elementor-element elementor-element-2e38343 elementor-widget elementor-widget-heading\" data-id=\"2e38343\" data-element_type=\"widget\" data-e-type=\"widget\" data-widget_type=\"heading.default\">\n\t\t\t\t<div class=\"elementor-widget-container\">\n\t\t\t\t\t<h2 class=\"elementor-heading-title elementor-size-default\">tips de nutrici\u00f3n<\/h2>\t\t\t\t<\/div>\n\t\t\t\t<\/div>\n\t\t\t\t<div class=\"elementor-element elementor-element-a76315e elementor-widget__width-initial premium-video__glow-none elementor-widget elementor-widget-premium-addon-video-box\" data-id=\"a76315e\" data-element_type=\"widget\" data-e-type=\"widget\" data-settings=\"{&quot;premium_video_box_video_type&quot;:&quot;youtube&quot;,&quot;aspect_ratio&quot;:&quot;169&quot;,&quot;video_lightbox_style&quot;:&quot;elementor&quot;}\" data-widget_type=\"premium-addon-video-box.default\">\n\t\t\t\t<div class=\"elementor-widget-container\">\n\t\t\t\t\t\n\n\t\t\n\t\t\t\t\t<div data-lightbox=\"{&quot;type&quot;:&quot;elementor&quot;}\" id=\"premium-video-box-container-a76315e\" class=\"premium-video-box-container\" data-overlay=\"false\" data-type=\"youtube\" data-thumbnail=\"1\" data-hover=\"none\">\n\t\t\t\t<div  >\n\t\t\t\t\t\n\t\t\t\t\t<div class=\"premium-video-box-inner-wrap\" data-video-animation=\" animated-\" data-delay-animation=\"\">\n\t\t\t\t\t\t<div data-elementor-open-lightbox=\"yes\" data-elementor-lightbox=\"{&quot;type&quot;:&quot;video&quot;,&quot;videoType&quot;:&quot;youtube&quot;,&quot;url&quot;:&quot;https:\\\/\\\/www.youtube.com\\\/embed\\\/bFsps4kGQAI?feature=oembed&amp;rel=0&amp;mute=0&amp;loop=0&amp;controls=1&amp;playsinline=0&amp;cc_load_policy=0&quot;,&quot;modalOptions&quot;:{&quot;id&quot;:&quot;elementor-lightbox-a76315e&quot;,&quot;entranceAnimation&quot;:&quot;&quot;,&quot;entranceAnimation_tablet&quot;:&quot;&quot;,&quot;entranceAnimation_mobile&quot;:&quot;&quot;,&quot;videoAspectRatio&quot;:&quot;169&quot;}}\" class=\"premium-video-box-video-container\">\n\t\t\t\t\t\t\t\n\t\t\t\t\t\t\t\t\t\t\t\t\t<\/div>\n\t\t\t\t\t\t\t<div style=\"background-image:url(&#039;https:\/\/i.ytimg.com\/vi\/bFsps4kGQAI\/maxresdefault.jpg&#039;)\" class=\"premium-video-box-image-container none\"><\/div>\n\t\t\t\t\t\t\t\t\t\t\t\t\t\t\t\t\t\t\t\t\t\t\t\t\t\t\t<div class=\"premium-video-box-play-icon-container\">\n\t\t\t\t\t\t\t\t<i class=\"premium-video-box-play-icon fas fa-play\" aria-hidden=\"true\"><\/i>\t\t\t\t\t\t\t<\/div>\n\t\t\t\t\t\t\t\t\t\t\t\t\t\t\t\t\t<\/div>\n\n\t\t\t\t<\/div>\n\t\t\t<\/div>\n\t\t\n\t\t\t\t\t\t<\/div>\n\t\t\t\t<\/div>\n\t\t\t\t\t<\/div>\n\t\t<\/div>\n\t\t\t\t<div class=\"elementor-column elementor-col-50 elementor-top-column elementor-element elementor-element-cee089b\" data-id=\"cee089b\" data-element_type=\"column\" data-e-type=\"column\">\n\t\t\t<div class=\"elementor-widget-wrap elementor-element-populated\">\n\t\t\t\t\t\t<div class=\"elementor-element elementor-element-34a9412 elementor-widget elementor-widget-heading\" data-id=\"34a9412\" data-element_type=\"widget\" data-e-type=\"widget\" data-widget_type=\"heading.default\">\n\t\t\t\t<div class=\"elementor-widget-container\">\n\t\t\t\t\t<h2 class=\"elementor-heading-title elementor-size-default\">alimentaci\u00f3n saludable <\/h2>\t\t\t\t<\/div>\n\t\t\t\t<\/div>\n\t\t\t\t<div class=\"elementor-element elementor-element-e9e4ce8 elementor-widget__width-initial premium-video__glow-none elementor-widget elementor-widget-premium-addon-video-box\" data-id=\"e9e4ce8\" data-element_type=\"widget\" data-e-type=\"widget\" data-settings=\"{&quot;premium_video_box_video_type&quot;:&quot;youtube&quot;,&quot;aspect_ratio&quot;:&quot;169&quot;,&quot;video_lightbox_style&quot;:&quot;elementor&quot;}\" data-widget_type=\"premium-addon-video-box.default\">\n\t\t\t\t<div class=\"elementor-widget-container\">\n\t\t\t\t\t\n\n\t\t\n\t\t\t\t\t<div data-lightbox=\"{&quot;type&quot;:&quot;elementor&quot;}\" id=\"premium-video-box-container-e9e4ce8\" class=\"premium-video-box-container\" data-overlay=\"false\" data-type=\"youtube\" data-thumbnail=\"1\" data-hover=\"none\">\n\t\t\t\t<div  >\n\t\t\t\t\t\n\t\t\t\t\t<div class=\"premium-video-box-inner-wrap\" data-video-animation=\" animated-\" data-delay-animation=\"\">\n\t\t\t\t\t\t<div data-elementor-open-lightbox=\"yes\" data-elementor-lightbox=\"{&quot;type&quot;:&quot;video&quot;,&quot;videoType&quot;:&quot;youtube&quot;,&quot;url&quot;:&quot;https:\\\/\\\/www.youtube.com\\\/embed\\\/XykC0rvlUFs?feature=oembed&amp;rel=0&amp;mute=0&amp;loop=0&amp;controls=1&amp;playsinline=0&amp;cc_load_policy=0&quot;,&quot;modalOptions&quot;:{&quot;id&quot;:&quot;elementor-lightbox-e9e4ce8&quot;,&quot;entranceAnimation&quot;:&quot;&quot;,&quot;entranceAnimation_tablet&quot;:&quot;&quot;,&quot;entranceAnimation_mobile&quot;:&quot;&quot;,&quot;videoAspectRatio&quot;:&quot;169&quot;}}\" class=\"premium-video-box-video-container\">\n\t\t\t\t\t\t\t\n\t\t\t\t\t\t\t\t\t\t\t\t\t<\/div>\n\t\t\t\t\t\t\t<div style=\"background-image:url(&#039;https:\/\/i.ytimg.com\/vi\/XykC0rvlUFs\/maxresdefault.jpg&#039;)\" class=\"premium-video-box-image-container none\"><\/div>\n\t\t\t\t\t\t\t\t\t\t\t\t\t\t\t\t\t\t\t\t\t\t\t\t\t\t\t<div class=\"premium-video-box-play-icon-container\">\n\t\t\t\t\t\t\t\t<i class=\"premium-video-box-play-icon fas fa-play\" aria-hidden=\"true\"><\/i>\t\t\t\t\t\t\t<\/div>\n\t\t\t\t\t\t\t\t\t\t\t\t\t\t\t\t\t<\/div>\n\n\t\t\t\t<\/div>\n\t\t\t<\/div>\n\t\t\n\t\t\t\t\t\t<\/div>\n\t\t\t\t<\/div>\n\t\t\t\t\t<\/div>\n\t\t<\/div>\n\t\t\t\t\t<\/div>\n\t\t<\/section>\n\t\t\t\t<section class=\"elementor-section elementor-top-section elementor-element elementor-element-0b28f6d elementor-section-boxed elementor-section-height-default elementor-section-height-default\" data-id=\"0b28f6d\" data-element_type=\"section\" data-e-type=\"section\">\n\t\t\t\t\t\t<div class=\"elementor-container elementor-column-gap-default\">\n\t\t\t\t\t<div class=\"elementor-column elementor-col-50 elementor-top-column elementor-element elementor-element-0a9bed9\" data-id=\"0a9bed9\" data-element_type=\"column\" data-e-type=\"column\">\n\t\t\t<div class=\"elementor-widget-wrap elementor-element-populated\">\n\t\t\t\t\t\t<div class=\"elementor-element elementor-element-552b0c9 elementor-widget elementor-widget-spacer\" data-id=\"552b0c9\" data-element_type=\"widget\" data-e-type=\"widget\" data-widget_type=\"spacer.default\">\n\t\t\t\t<div class=\"elementor-widget-container\">\n\t\t\t\t\t\t\t<div class=\"elementor-spacer\">\n\t\t\t<div class=\"elementor-spacer-inner\"><\/div>\n\t\t<\/div>\n\t\t\t\t\t\t<\/div>\n\t\t\t\t<\/div>\n\t\t\t\t<div class=\"elementor-element elementor-element-906e8da elementor-widget elementor-widget-heading\" data-id=\"906e8da\" data-element_type=\"widget\" data-e-type=\"widget\" data-widget_type=\"heading.default\">\n\t\t\t\t<div class=\"elementor-widget-container\">\n\t\t\t\t\t<h2 class=\"elementor-heading-title elementor-size-default\">alimentaci\u00f3n saludable frutas y verduras<\/h2>\t\t\t\t<\/div>\n\t\t\t\t<\/div>\n\t\t\t\t<div class=\"elementor-element elementor-element-0945546 elementor-widget__width-initial premium-video__glow-none elementor-widget elementor-widget-premium-addon-video-box\" data-id=\"0945546\" data-element_type=\"widget\" data-e-type=\"widget\" data-settings=\"{&quot;premium_video_box_video_type&quot;:&quot;youtube&quot;,&quot;aspect_ratio&quot;:&quot;169&quot;,&quot;video_lightbox_style&quot;:&quot;elementor&quot;}\" data-widget_type=\"premium-addon-video-box.default\">\n\t\t\t\t<div class=\"elementor-widget-container\">\n\t\t\t\t\t\n\n\t\t\n\t\t\t\t\t<div data-lightbox=\"{&quot;type&quot;:&quot;elementor&quot;}\" id=\"premium-video-box-container-0945546\" class=\"premium-video-box-container\" data-overlay=\"false\" data-type=\"youtube\" data-thumbnail=\"1\" data-hover=\"none\">\n\t\t\t\t<div  >\n\t\t\t\t\t\n\t\t\t\t\t<div class=\"premium-video-box-inner-wrap\" data-video-animation=\" animated-\" data-delay-animation=\"\">\n\t\t\t\t\t\t<div data-elementor-open-lightbox=\"yes\" data-elementor-lightbox=\"{&quot;type&quot;:&quot;video&quot;,&quot;videoType&quot;:&quot;youtube&quot;,&quot;url&quot;:&quot;https:\\\/\\\/www.youtube.com\\\/embed\\\/UqjhrKOAmOM?feature=oembed&amp;rel=0&amp;mute=0&amp;loop=0&amp;controls=1&amp;playsinline=0&amp;cc_load_policy=0&quot;,&quot;modalOptions&quot;:{&quot;id&quot;:&quot;elementor-lightbox-0945546&quot;,&quot;entranceAnimation&quot;:&quot;&quot;,&quot;entranceAnimation_tablet&quot;:&quot;&quot;,&quot;entranceAnimation_mobile&quot;:&quot;&quot;,&quot;videoAspectRatio&quot;:&quot;169&quot;}}\" class=\"premium-video-box-video-container\">\n\t\t\t\t\t\t\t\n\t\t\t\t\t\t\t\t\t\t\t\t\t<\/div>\n\t\t\t\t\t\t\t<div style=\"background-image:url(&#039;https:\/\/i.ytimg.com\/vi\/UqjhrKOAmOM\/maxresdefault.jpg&#039;)\" class=\"premium-video-box-image-container none\"><\/div>\n\t\t\t\t\t\t\t\t\t\t\t\t\t\t\t\t\t\t\t\t\t\t\t\t\t\t\t<div class=\"premium-video-box-play-icon-container\">\n\t\t\t\t\t\t\t\t<i class=\"premium-video-box-play-icon fas fa-play\" aria-hidden=\"true\"><\/i>\t\t\t\t\t\t\t<\/div>\n\t\t\t\t\t\t\t\t\t\t\t\t\t\t\t\t\t<\/div>\n\n\t\t\t\t<\/div>\n\t\t\t<\/div>\n\t\t\n\t\t\t\t\t\t<\/div>\n\t\t\t\t<\/div>\n\t\t\t\t\t<\/div>\n\t\t<\/div>\n\t\t\t\t<div class=\"elementor-column elementor-col-50 elementor-top-column elementor-element elementor-element-6646b85\" data-id=\"6646b85\" data-element_type=\"column\" data-e-type=\"column\">\n\t\t\t<div class=\"elementor-widget-wrap elementor-element-populated\">\n\t\t\t\t\t\t<div class=\"elementor-element elementor-element-83b8cfc elementor-widget elementor-widget-image\" data-id=\"83b8cfc\" data-element_type=\"widget\" data-e-type=\"widget\" data-widget_type=\"image.default\">\n\t\t\t\t<div class=\"elementor-widget-container\">\n\t\t\t\t\t\t\t\t\t\t\t\t\t\t\t\t<a href=\"https:\/\/summerhillschool.edu.co\/wp-content\/uploads\/2023\/04\/Alimentos-verdes-4.png\">\n\t\t\t\t\t\t\t<img decoding=\"async\" src=\"https:\/\/summerhillschool.edu.co\/wp-content\/uploads\/2023\/04\/Alimentos-verdes-4-430x430.png\" title=\"Alimentos verdes\" alt=\"Alimentos verdes\" loading=\"lazy\" \/>\t\t\t\t\t\t\t\t<\/a>\n\t\t\t\t\t\t\t\t\t\t\t\t\t\t\t<\/div>\n\t\t\t\t<\/div>\n\t\t\t\t\t<\/div>\n\t\t<\/div>\n\t\t\t\t\t<\/div>\n\t\t<\/section>\n\t\t\t\t<section class=\"elementor-section elementor-top-section elementor-element elementor-element-9edfa8e elementor-section-boxed elementor-section-height-default elementor-section-height-default\" data-id=\"9edfa8e\" data-element_type=\"section\" data-e-type=\"section\">\n\t\t\t\t\t\t<div class=\"elementor-container elementor-column-gap-default\">\n\t\t\t\t\t<div class=\"elementor-column elementor-col-100 elementor-top-column elementor-element elementor-element-fe34063\" data-id=\"fe34063\" data-element_type=\"column\" data-e-type=\"column\">\n\t\t\t<div class=\"elementor-widget-wrap elementor-element-populated\">\n\t\t\t\t\t\t<div class=\"elementor-element elementor-element-85a0388 elementor-widget elementor-widget-spacer\" data-id=\"85a0388\" data-element_type=\"widget\" data-e-type=\"widget\" data-widget_type=\"spacer.default\">\n\t\t\t\t<div class=\"elementor-widget-container\">\n\t\t\t\t\t\t\t<div class=\"elementor-spacer\">\n\t\t\t<div class=\"elementor-spacer-inner\"><\/div>\n\t\t<\/div>\n\t\t\t\t\t\t<\/div>\n\t\t\t\t<\/div>\n\t\t\t\t\t<\/div>\n\t\t<\/div>\n\t\t\t\t\t<\/div>\n\t\t<\/section>\n\t\t\t\t<\/div>\n\t\t","protected":false},"excerpt":{"rendered":"<p>NUTRICI\u00d3N tips de nutrici\u00f3n alimentaci\u00f3n saludable alimentaci\u00f3n saludable frutas y verduras<\/p>\n","protected":false},"author":5,"featured_media":0,"parent":0,"menu_order":0,"comment_status":"closed","ping_status":"closed","template":"elementor_header_footer","meta":{"footnotes":""},"class_list":["post-12697","page","type-page","status-publish","hentry"],"_links":{"self":[{"href":"https:\/\/summerhillschool.edu.co\/index.php\/wp-json\/wp\/v2\/pages\/12697","targetHints":{"allow":["GET"]}}],"collection":[{"href":"https:\/\/summerhillschool.edu.co\/index.php\/wp-json\/wp\/v2\/pages"}],"about":[{"href":"https:\/\/summerhillschool.edu.co\/index.php\/wp-json\/wp\/v2\/types\/page"}],"author":[{"embeddable":true,"href":"https:\/\/summerhillschool.edu.co\/index.php\/wp-json\/wp\/v2\/users\/5"}],"replies":[{"embeddable":true,"href":"https:\/\/summerhillschool.edu.co\/index.php\/wp-json\/wp\/v2\/comments?post=12697"}],"version-history":[{"count":0,"href":"https:\/\/summerhillschool.edu.co\/index.php\/wp-json\/wp\/v2\/pages\/12697\/revisions"}],"wp:attachment":[{"href":"https:\/\/summerhillschool.edu.co\/index.php\/wp-json\/wp\/v2\/media?parent=12697"}],"curies":[{"name":"wp","href":"https:\/\/api.w.org\/{rel}","templated":true}]}}