{"id":1219,"date":"2016-02-04T10:05:01","date_gmt":"2016-02-04T10:05:01","guid":{"rendered":"http:\/\/www.anarieldesign.com\/themedemos\/pena\/checkout\/"},"modified":"2023-10-05T09:46:37","modified_gmt":"2023-10-05T14:46:37","slug":"proyecto-academico","status":"publish","type":"page","link":"https:\/\/summerhillschool.edu.co\/index.php\/proyecto-academico\/","title":{"rendered":"Proyecto Acad\u00e9mico"},"content":{"rendered":"\t\t<div data-elementor-type=\"wp-page\" data-elementor-id=\"1219\" class=\"elementor elementor-1219\" data-elementor-post-type=\"page\">\n\t\t\t\t\t\t<section class=\"elementor-section elementor-top-section elementor-element elementor-element-dc206cc elementor-section-boxed elementor-section-height-default elementor-section-height-default\" data-id=\"dc206cc\" data-element_type=\"section\" data-e-type=\"section\">\n\t\t\t\t\t\t<div class=\"elementor-container elementor-column-gap-default\">\n\t\t\t\t\t<div class=\"elementor-column elementor-col-100 elementor-top-column elementor-element elementor-element-9734b8f\" data-id=\"9734b8f\" data-element_type=\"column\" data-e-type=\"column\">\n\t\t\t<div class=\"elementor-widget-wrap elementor-element-populated\">\n\t\t\t\t\t\t<div class=\"elementor-element elementor-element-560e5a8 elementor-widget elementor-widget-spacer\" data-id=\"560e5a8\" data-element_type=\"widget\" data-e-type=\"widget\" data-widget_type=\"spacer.default\">\n\t\t\t\t<div class=\"elementor-widget-container\">\n\t\t\t\t\t\t\t<div class=\"elementor-spacer\">\n\t\t\t<div class=\"elementor-spacer-inner\"><\/div>\n\t\t<\/div>\n\t\t\t\t\t\t<\/div>\n\t\t\t\t<\/div>\n\t\t\t\t\t<\/div>\n\t\t<\/div>\n\t\t\t\t\t<\/div>\n\t\t<\/section>\n\t\t\t\t<section class=\"elementor-section elementor-top-section elementor-element elementor-element-0054508 elementor-section-boxed elementor-section-height-default elementor-section-height-default\" data-id=\"0054508\" data-element_type=\"section\" data-e-type=\"section\">\n\t\t\t\t\t\t<div class=\"elementor-container elementor-column-gap-default\">\n\t\t\t\t\t<div class=\"elementor-column elementor-col-100 elementor-top-column elementor-element elementor-element-1138d05\" data-id=\"1138d05\" data-element_type=\"column\" data-e-type=\"column\">\n\t\t\t<div class=\"elementor-widget-wrap elementor-element-populated\">\n\t\t\t\t\t\t<div class=\"elementor-element elementor-element-7a578d3 elementor-headline--style-highlight elementor-widget elementor-widget-animated-headline\" data-id=\"7a578d3\" data-element_type=\"widget\" data-e-type=\"widget\" data-settings=\"{&quot;highlighted_text&quot;:&quot;acad\\u00e9mico&quot;,&quot;headline_style&quot;:&quot;highlight&quot;,&quot;marker&quot;:&quot;circle&quot;,&quot;loop&quot;:&quot;yes&quot;,&quot;highlight_animation_duration&quot;:1200,&quot;highlight_iteration_delay&quot;:8000}\" data-widget_type=\"animated-headline.default\">\n\t\t\t\t<div class=\"elementor-widget-container\">\n\t\t\t\t\t\t\t<h3 class=\"elementor-headline\">\n\t\t\t\t\t<span class=\"elementor-headline-plain-text elementor-headline-text-wrapper\">proyecto<\/span>\n\t\t\t\t<span class=\"elementor-headline-dynamic-wrapper elementor-headline-text-wrapper\">\n\t\t\t\t\t<span class=\"elementor-headline-dynamic-text elementor-headline-text-active\">acad\u00e9mico<\/span>\n\t\t\t\t<\/span>\n\t\t\t\t<\/h3>\n\t\t\t\t\t\t<\/div>\n\t\t\t\t<\/div>\n\t\t\t\t\t<\/div>\n\t\t<\/div>\n\t\t\t\t\t<\/div>\n\t\t<\/section>\n\t\t\t\t<section class=\"elementor-section elementor-top-section elementor-element elementor-element-7aee7009 elementor-section-boxed elementor-section-height-default elementor-section-height-default\" data-id=\"7aee7009\" data-element_type=\"section\" data-e-type=\"section\">\n\t\t\t\t\t\t<div class=\"elementor-container elementor-column-gap-default\">\n\t\t\t\t\t<div class=\"elementor-column elementor-col-100 elementor-top-column elementor-element elementor-element-363800f0\" data-id=\"363800f0\" data-element_type=\"column\" data-e-type=\"column\">\n\t\t\t<div class=\"elementor-widget-wrap elementor-element-populated\">\n\t\t\t\t\t\t<div class=\"elementor-element elementor-element-3fa358e9 elementor-widget elementor-widget-text-editor\" data-id=\"3fa358e9\" data-element_type=\"widget\" data-e-type=\"widget\" data-widget_type=\"text-editor.default\">\n\t\t\t\t<div class=\"elementor-widget-container\">\n\t\t\t\t\t\t\t\t\t<p style=\"text-align: justify;\"><span lang=\"ES\" style=\"font-family: 'Trebuchet MS', Geneva; color: #000000;\">El plan de estudios se desarrolla con el enfoque del Proyecto ZERO de la Universidad de Harvard, denominado Ense\u00f1anza para la Comprensi\u00f3n (EpC), donde se busca el aprendizaje activo y la construcci\u00f3n del conocimiento. La pedagog\u00eda de la Comprensi\u00f3n re-significa el proceso de ense\u00f1anza \u2013 aprendizaje porque no se limita a un curr\u00edculo de temas y subtemas, sino que exige del estudiante la construcci\u00f3n de un m\u00e9todo de aprendizaje para ver o hacer aplicaciones \u00fatiles en la vida y poder comunicar a otros sus comprensiones. De esta manera, comprender para un ni\u00f1o, ni\u00f1a o joven nuestro; es ser capaz de pensar y actuar con flexibilidad a partir de lo que sabe. Los desempe\u00f1os de comprensi\u00f3n y las actividades normales de aprendizaje, van m\u00e1s all\u00e1 de la memorizaci\u00f3n y la rutina, atienden al desarrollo de procesos de pensamiento como: la identificaci\u00f3n, comparaci\u00f3n, an\u00e1lisis, clasificaci\u00f3n, s\u00edntesis, inferencia, entre otros. <\/span><\/p><div><p style=\"text-align: justify;\"><span lang=\"ES\" style=\"font-family: 'Trebuchet MS', Geneva; color: #000000;\">Desde lo formativo, buscamos la consolidaci\u00f3n del perfil del estudiante SUMMERHILLISTA, para ello, hemos dise\u00f1ado un Proyecto para el Desarrollo Humano (PDH), el cual, en forma escalonada y secuencial logra hacer que nuestros ni\u00f1os, ni\u00f1as y j\u00f3venes; al igual que sus familias se apropien de los valores institucionales a trav\u00e9s de diversas estrategias como:<\/span><\/p><ul><li style=\"text-align: justify;\"><span lang=\"ES\" style=\"font-family: 'Trebuchet MS', Geneva; color: #000000;\">Las Escuelas para padres<\/span><\/li><li style=\"text-align: justify;\"><span lang=\"ES\" style=\"font-family: 'Trebuchet MS', Geneva; color: #000000;\">La organizaci\u00f3n y funcionalidad del Gobierno Escolar <\/span><\/li><li style=\"text-align: justify;\"><span lang=\"ES\" style=\"font-family: 'Trebuchet MS', Geneva; color: #000000;\">El desarrollo de las convivencias dentro del marco de nuestros principios y valores<\/span><\/li><li style=\"text-align: justify;\"><span lang=\"ES\" style=\"font-family: 'Trebuchet MS', Geneva; color: #000000;\">La pr\u00e1ctica del Servicio Social <\/span><\/li><li style=\"text-align: justify;\"><span lang=\"ES\" style=\"font-family: 'Trebuchet MS', Geneva; color: #000000;\">El apoyo profesional desde el Comit\u00e9 Interdisciplinar (psicolog\u00eda, terapia y fonoaudiolog\u00eda) <\/span><\/li><li style=\"text-align: justify;\"><span lang=\"ES\" style=\"font-family: 'Trebuchet MS', Geneva; color: #000000;\">La orientaci\u00f3n profesional <\/span><\/li><li style=\"text-align: justify;\"><span lang=\"ES\" style=\"font-family: 'Trebuchet MS', Geneva; color: #000000;\">El proceso de acompa\u00f1amiento a estudiantes <\/span><\/li><li style=\"text-align: justify;\"><span lang=\"ES\" style=\"font-family: 'Trebuchet MS', Geneva; color: #000000;\">La direcci\u00f3n de curso <\/span><\/li><\/ul><\/div>\t\t\t\t\t\t\t\t<\/div>\n\t\t\t\t<\/div>\n\t\t\t\t\t<\/div>\n\t\t<\/div>\n\t\t\t\t\t<\/div>\n\t\t<\/section>\n\t\t\t\t<\/div>\n\t\t","protected":false},"excerpt":{"rendered":"<p>proyecto acad\u00e9mico El plan de estudios se desarrolla con el enfoque del Proyecto ZERO de la Universidad de Harvard, denominado Ense\u00f1anza para la Comprensi\u00f3n (EpC), donde se busca el aprendizaje activo y la construcci\u00f3n del conocimiento. La pedagog\u00eda de la Comprensi\u00f3n re-significa el proceso de ense\u00f1anza \u2013 aprendizaje porque no se limita a un curr\u00edculo<a class=\"more-link\" href=\"https:\/\/summerhillschool.edu.co\/index.php\/proyecto-academico\/\">Continue reading <span class=\"screen-reader-text\">Proyecto Acad\u00e9mico<\/span> <span class=\"meta-nav\" aria-hidden=\"true\">&rarr;<\/span><\/a><\/p>\n","protected":false},"author":5,"featured_media":0,"parent":0,"menu_order":0,"comment_status":"closed","ping_status":"closed","template":"elementor_header_footer","meta":{"footnotes":""},"class_list":["post-1219","page","type-page","status-publish","hentry"],"_links":{"self":[{"href":"https:\/\/summerhillschool.edu.co\/index.php\/wp-json\/wp\/v2\/pages\/1219","targetHints":{"allow":["GET"]}}],"collection":[{"href":"https:\/\/summerhillschool.edu.co\/index.php\/wp-json\/wp\/v2\/pages"}],"about":[{"href":"https:\/\/summerhillschool.edu.co\/index.php\/wp-json\/wp\/v2\/types\/page"}],"author":[{"embeddable":true,"href":"https:\/\/summerhillschool.edu.co\/index.php\/wp-json\/wp\/v2\/users\/5"}],"replies":[{"embeddable":true,"href":"https:\/\/summerhillschool.edu.co\/index.php\/wp-json\/wp\/v2\/comments?post=1219"}],"version-history":[{"count":0,"href":"https:\/\/summerhillschool.edu.co\/index.php\/wp-json\/wp\/v2\/pages\/1219\/revisions"}],"wp:attachment":[{"href":"https:\/\/summerhillschool.edu.co\/index.php\/wp-json\/wp\/v2\/media?parent=1219"}],"curies":[{"name":"wp","href":"https:\/\/api.w.org\/{rel}","templated":true}]}}