{"id":10799,"date":"2025-12-10T12:00:32","date_gmt":"2025-12-10T17:00:32","guid":{"rendered":"https:\/\/summerhillschool.edu.co\/?page_id=10799"},"modified":"2025-12-10T19:20:31","modified_gmt":"2025-12-11T00:20:31","slug":"listado_utiles_2026","status":"publish","type":"page","link":"https:\/\/summerhillschool.edu.co\/index.php\/listado_utiles_2026\/","title":{"rendered":"LISTADO_\u00daTILES_2026"},"content":{"rendered":"\t\t<div data-elementor-type=\"wp-page\" data-elementor-id=\"10799\" class=\"elementor elementor-10799\" data-elementor-post-type=\"page\">\n\t\t\t\t\t\t<section class=\"elementor-section elementor-top-section elementor-element elementor-element-27c08b0 elementor-section-boxed elementor-section-height-default elementor-section-height-default\" data-id=\"27c08b0\" data-element_type=\"section\" data-e-type=\"section\">\n\t\t\t\t\t\t<div class=\"elementor-container elementor-column-gap-default\">\n\t\t\t\t\t<div class=\"elementor-column elementor-col-100 elementor-top-column elementor-element elementor-element-d11bc87\" data-id=\"d11bc87\" data-element_type=\"column\" data-e-type=\"column\">\n\t\t\t<div class=\"elementor-widget-wrap elementor-element-populated\">\n\t\t\t\t\t\t<div class=\"elementor-element elementor-element-9659ac8 elementor-headline--style-highlight elementor-widget elementor-widget-animated-headline\" data-id=\"9659ac8\" data-element_type=\"widget\" data-e-type=\"widget\" data-settings=\"{&quot;highlighted_text&quot;:&quot;\\u00fatiles 2026&quot;,&quot;headline_style&quot;:&quot;highlight&quot;,&quot;marker&quot;:&quot;circle&quot;,&quot;loop&quot;:&quot;yes&quot;,&quot;highlight_animation_duration&quot;:1200,&quot;highlight_iteration_delay&quot;:8000}\" data-widget_type=\"animated-headline.default\">\n\t\t\t\t<div class=\"elementor-widget-container\">\n\t\t\t\t\t\t\t<h3 class=\"elementor-headline\">\n\t\t\t\t\t<span class=\"elementor-headline-plain-text elementor-headline-text-wrapper\">listado textos y<\/span>\n\t\t\t\t<span class=\"elementor-headline-dynamic-wrapper elementor-headline-text-wrapper\">\n\t\t\t\t\t<span class=\"elementor-headline-dynamic-text elementor-headline-text-active\">\u00fatiles 2026<\/span>\n\t\t\t\t<\/span>\n\t\t\t\t<\/h3>\n\t\t\t\t\t\t<\/div>\n\t\t\t\t<\/div>\n\t\t\t\t\t<\/div>\n\t\t<\/div>\n\t\t\t\t\t<\/div>\n\t\t<\/section>\n\t\t\t\t<section class=\"elementor-section elementor-top-section elementor-element elementor-element-1fe7696 elementor-section-boxed elementor-section-height-default elementor-section-height-default\" data-id=\"1fe7696\" data-element_type=\"section\" data-e-type=\"section\">\n\t\t\t\t\t\t<div class=\"elementor-container elementor-column-gap-default\">\n\t\t\t\t\t<div class=\"elementor-column elementor-col-50 elementor-top-column elementor-element elementor-element-6b1a91e\" data-id=\"6b1a91e\" data-element_type=\"column\" data-e-type=\"column\">\n\t\t\t<div class=\"elementor-widget-wrap elementor-element-populated\">\n\t\t\t\t\t\t<div class=\"elementor-element elementor-element-72d000b elementor-widget elementor-widget-text-editor\" data-id=\"72d000b\" data-element_type=\"widget\" data-e-type=\"widget\" data-widget_type=\"text-editor.default\">\n\t\t\t\t<div class=\"elementor-widget-container\">\n\t\t\t\t\t\t\t\t\t<h3><strong><a href=\"https:\/\/summerhillschool.edu.co\/wp-content\/uploads\/2025\/12\/1.PRE-KINDER.pdf\">PREKINDER<\/a><\/strong><\/h3><h3><a href=\"https:\/\/summerhillschool.edu.co\/wp-content\/uploads\/2025\/12\/2.KINDER.pdf\">KINDER<\/a><\/h3><h3><a href=\"https:\/\/summerhillschool.edu.co\/wp-content\/uploads\/2025\/12\/3.TRANSICION.pdf\">TRANSICI\u00d3N<\/a><\/h3><h3><a href=\"https:\/\/summerhillschool.edu.co\/wp-content\/uploads\/2025\/12\/4.PRIMERO.pdf\">PRIMERO<\/a><\/h3><h3><a href=\"https:\/\/summerhillschool.edu.co\/wp-content\/uploads\/2025\/12\/5.SEGUNDO.pdf\">SEGUNDO <\/a><\/h3><h3><a href=\"https:\/\/summerhillschool.edu.co\/wp-content\/uploads\/2025\/12\/6.TERCERO.pdf\">TERCERO<\/a><\/h3><h3><a href=\"https:\/\/summerhillschool.edu.co\/wp-content\/uploads\/2025\/12\/7.CUARTO.pdf\">CUARTO<\/a><\/h3><h3><a href=\"https:\/\/summerhillschool.edu.co\/wp-content\/uploads\/2025\/12\/8.QUINTO.pdf\">QUINTO<\/a><\/h3>\t\t\t\t\t\t\t\t<\/div>\n\t\t\t\t<\/div>\n\t\t\t\t\t<\/div>\n\t\t<\/div>\n\t\t\t\t<div class=\"elementor-column elementor-col-50 elementor-top-column elementor-element elementor-element-81ffc08\" data-id=\"81ffc08\" data-element_type=\"column\" data-e-type=\"column\">\n\t\t\t<div class=\"elementor-widget-wrap elementor-element-populated\">\n\t\t\t\t\t\t<div class=\"elementor-element elementor-element-00e4c39 elementor-widget elementor-widget-text-editor\" data-id=\"00e4c39\" data-element_type=\"widget\" data-e-type=\"widget\" data-widget_type=\"text-editor.default\">\n\t\t\t\t<div class=\"elementor-widget-container\">\n\t\t\t\t\t\t\t\t\t<h3><a href=\"https:\/\/summerhillschool.edu.co\/wp-content\/uploads\/2025\/12\/9.SEXTO_.pdf\">SEXTO<\/a><\/h3><h3><a href=\"https:\/\/summerhillschool.edu.co\/wp-content\/uploads\/2025\/12\/10.SEPTIMO.pdf\">S\u00c9PTIMO<\/a><\/h3><h3><a href=\"https:\/\/summerhillschool.edu.co\/wp-content\/uploads\/2025\/12\/11.OCTAVO.pdf\">OCTAVO<\/a><\/h3><h3><a href=\"https:\/\/summerhillschool.edu.co\/wp-content\/uploads\/2025\/12\/12.NOVENO.pdf\">NOVENO<\/a><\/h3><h3><a href=\"https:\/\/summerhillschool.edu.co\/wp-content\/uploads\/2025\/12\/13.DECIMO.pdf\">D\u00c9CIMO<\/a><\/h3><h3><a href=\"https:\/\/summerhillschool.edu.co\/wp-content\/uploads\/2025\/12\/14.UNDECIMO.pdf\">UND\u00c9CIMO<\/a><\/h3><h3>\u00a0<\/h3>\t\t\t\t\t\t\t\t<\/div>\n\t\t\t\t<\/div>\n\t\t\t\t\t<\/div>\n\t\t<\/div>\n\t\t\t\t\t<\/div>\n\t\t<\/section>\n\t\t\t\t<\/div>\n\t\t","protected":false},"excerpt":{"rendered":"<p>listado textos y \u00fatiles 2026 PREKINDER KINDER TRANSICI\u00d3N PRIMERO SEGUNDO TERCERO CUARTO QUINTO SEXTO S\u00c9PTIMO OCTAVO NOVENO D\u00c9CIMO UND\u00c9CIMO \u00a0<\/p>\n","protected":false},"author":5,"featured_media":0,"parent":0,"menu_order":0,"comment_status":"closed","ping_status":"closed","template":"elementor_header_footer","meta":{"footnotes":""},"class_list":["post-10799","page","type-page","status-publish","hentry"],"_links":{"self":[{"href":"https:\/\/summerhillschool.edu.co\/index.php\/wp-json\/wp\/v2\/pages\/10799","targetHints":{"allow":["GET"]}}],"collection":[{"href":"https:\/\/summerhillschool.edu.co\/index.php\/wp-json\/wp\/v2\/pages"}],"about":[{"href":"https:\/\/summerhillschool.edu.co\/index.php\/wp-json\/wp\/v2\/types\/page"}],"author":[{"embeddable":true,"href":"https:\/\/summerhillschool.edu.co\/index.php\/wp-json\/wp\/v2\/users\/5"}],"replies":[{"embeddable":true,"href":"https:\/\/summerhillschool.edu.co\/index.php\/wp-json\/wp\/v2\/comments?post=10799"}],"version-history":[{"count":0,"href":"https:\/\/summerhillschool.edu.co\/index.php\/wp-json\/wp\/v2\/pages\/10799\/revisions"}],"wp:attachment":[{"href":"https:\/\/summerhillschool.edu.co\/index.php\/wp-json\/wp\/v2\/media?parent=10799"}],"curies":[{"name":"wp","href":"https:\/\/api.w.org\/{rel}","templated":true}]}}